{"id":1286,"date":"2019-08-14T20:44:26","date_gmt":"2019-08-14T23:44:26","guid":{"rendered":"https:\/\/u402543583.hostingerapp.com\/?post_type=product&#038;p=1286"},"modified":"2019-12-18T02:32:59","modified_gmt":"2019-12-18T05:32:59","slug":"vals-venezolano-n1-antonio-lauro","status":"publish","type":"product","link":"https:\/\/zitabs.com.ar\/en\/product\/vals-venezolano-n1-antonio-lauro\/","title":{"rendered":"Venezuelan waltz N\u00b01 \u201cTatiana\u201d, Antonio Lauro"},"content":{"rendered":"","protected":false},"excerpt":{"rendered":"<p>Guitar Sheet Music \/ Tabs<\/p>\n<p>Downloadable file<\/p>\n<p>Pdf format<\/p>\n<p>Pages: 5<\/p>\n<p>Tama\u00f1o de archivo: 1,80mb<\/p>","protected":false},"featured_media":1280,"comment_status":"open","ping_status":"closed","template":"","meta":{"_monsterinsights_skip_tracking":false,"_monsterinsights_sitenote_active":false,"_monsterinsights_sitenote_note":"","_monsterinsights_sitenote_category":0},"product_brand":[],"product_cat":[49,56],"product_tag":[],"class_list":{"0":"post-1286","1":"product","2":"type-product","3":"status-publish","4":"has-post-thumbnail","6":"product_cat-musica-clasica","7":"product_cat-nivel-intermedio","9":"first","10":"instock","11":"downloadable","12":"virtual","13":"purchasable","14":"product-type-simple"},"yoast_head":"<!-- This site is optimized with the Yoast SEO plugin v26.5 - https:\/\/yoast.com\/wordpress\/plugins\/seo\/ -->\n<title>Vals Venezolano N\u00b01 &quot;Tatiana&quot;, Antonio Lauro | ZITAbS<\/title>\n<meta name=\"robots\" content=\"index, follow, max-snippet:-1, max-image-preview:large, max-video-preview:-1\" \/>\n<link rel=\"canonical\" href=\"https:\/\/zitabs.com.ar\/en\/product\/vals-venezolano-n1-antonio-lauro\/\" \/>\n<meta property=\"og:locale\" content=\"en_US\" \/>\n<meta property=\"og:type\" content=\"article\" \/>\n<meta property=\"og:title\" content=\"Vals Venezolano N\u00b01 &quot;Tatiana&quot;, Antonio Lauro | ZITAbS\" \/>\n<meta property=\"og:description\" content=\"Partitura \/ Tablatura para Guitarra  Archivo descargable  Formato: PDF  N\u00famero de p\u00e1ginas: 5  Tama\u00f1o de archivo: 1,80mb\" \/>\n<meta property=\"og:url\" content=\"https:\/\/zitabs.com.ar\/en\/product\/vals-venezolano-n1-antonio-lauro\/\" \/>\n<meta property=\"og:site_name\" content=\"ZITAbS\" \/>\n<meta property=\"article:publisher\" content=\"https:\/\/www.facebook.com\/zitabs\" \/>\n<meta property=\"article:modified_time\" content=\"2019-12-18T05:32:59+00:00\" \/>\n<meta property=\"og:image\" content=\"https:\/\/zitabs.com.ar\/wp-content\/uploads\/2019\/08\/slider_portada1.jpg\" \/>\n\t<meta property=\"og:image:width\" content=\"509\" \/>\n\t<meta property=\"og:image:height\" content=\"720\" \/>\n\t<meta property=\"og:image:type\" content=\"image\/jpeg\" \/>\n<meta name=\"twitter:card\" content=\"summary_large_image\" \/>\n<script type=\"application\/ld+json\" class=\"yoast-schema-graph\">{\"@context\":\"https:\/\/schema.org\",\"@graph\":[{\"@type\":\"WebPage\",\"@id\":\"https:\/\/zitabs.com.ar\/en\/product\/vals-venezolano-n1-antonio-lauro\/\",\"url\":\"https:\/\/zitabs.com.ar\/en\/product\/vals-venezolano-n1-antonio-lauro\/\",\"name\":\"Vals Venezolano N\u00b01 \\\"Tatiana\\\", Antonio Lauro | ZITAbS\",\"isPartOf\":{\"@id\":\"https:\/\/zitabs.com.ar\/#website\"},\"primaryImageOfPage\":{\"@id\":\"https:\/\/zitabs.com.ar\/en\/product\/vals-venezolano-n1-antonio-lauro\/#primaryimage\"},\"image\":{\"@id\":\"https:\/\/zitabs.com.ar\/en\/product\/vals-venezolano-n1-antonio-lauro\/#primaryimage\"},\"thumbnailUrl\":\"https:\/\/zitabs.com.ar\/wp-content\/uploads\/2019\/08\/slider_portada1.jpg\",\"datePublished\":\"2019-08-14T23:44:26+00:00\",\"dateModified\":\"2019-12-18T05:32:59+00:00\",\"breadcrumb\":{\"@id\":\"https:\/\/zitabs.com.ar\/en\/product\/vals-venezolano-n1-antonio-lauro\/#breadcrumb\"},\"inLanguage\":\"en-US\",\"potentialAction\":[{\"@type\":\"ReadAction\",\"target\":[\"https:\/\/zitabs.com.ar\/en\/product\/vals-venezolano-n1-antonio-lauro\/\"]}]},{\"@type\":\"ImageObject\",\"inLanguage\":\"en-US\",\"@id\":\"https:\/\/zitabs.com.ar\/en\/product\/vals-venezolano-n1-antonio-lauro\/#primaryimage\",\"url\":\"https:\/\/zitabs.com.ar\/wp-content\/uploads\/2019\/08\/slider_portada1.jpg\",\"contentUrl\":\"https:\/\/zitabs.com.ar\/wp-content\/uploads\/2019\/08\/slider_portada1.jpg\",\"width\":509,\"height\":720,\"caption\":\"guitar tabs\"},{\"@type\":\"BreadcrumbList\",\"@id\":\"https:\/\/zitabs.com.ar\/en\/product\/vals-venezolano-n1-antonio-lauro\/#breadcrumb\",\"itemListElement\":[{\"@type\":\"ListItem\",\"position\":1,\"name\":\"Inicio\",\"item\":\"https:\/\/zitabs.com.ar\/\"},{\"@type\":\"ListItem\",\"position\":2,\"name\":\"Tienda\",\"item\":\"https:\/\/zitabs.com.ar\/shop\/\"},{\"@type\":\"ListItem\",\"position\":3,\"name\":\"Vals Venezolano N\u00b01 &#8220;Tatiana&#8221;, Antonio Lauro\"}]},{\"@type\":\"WebSite\",\"@id\":\"https:\/\/zitabs.com.ar\/#website\",\"url\":\"https:\/\/zitabs.com.ar\/\",\"name\":\"ZITAbS\",\"description\":\"Guitar Tabs &amp; Sheet Music\",\"publisher\":{\"@id\":\"https:\/\/zitabs.com.ar\/#organization\"},\"potentialAction\":[{\"@type\":\"SearchAction\",\"target\":{\"@type\":\"EntryPoint\",\"urlTemplate\":\"https:\/\/zitabs.com.ar\/?s={search_term_string}\"},\"query-input\":{\"@type\":\"PropertyValueSpecification\",\"valueRequired\":true,\"valueName\":\"search_term_string\"}}],\"inLanguage\":\"en-US\"},{\"@type\":\"Organization\",\"@id\":\"https:\/\/zitabs.com.ar\/#organization\",\"name\":\"Zitabs\",\"url\":\"https:\/\/zitabs.com.ar\/\",\"logo\":{\"@type\":\"ImageObject\",\"inLanguage\":\"en-US\",\"@id\":\"https:\/\/zitabs.com.ar\/#\/schema\/logo\/image\/\",\"url\":\"https:\/\/zitabs.com.ar\/wp-content\/uploads\/2019\/12\/logo_zitabs_100px.png\",\"contentUrl\":\"https:\/\/zitabs.com.ar\/wp-content\/uploads\/2019\/12\/logo_zitabs_100px.png\",\"width\":100,\"height\":66,\"caption\":\"Zitabs\"},\"image\":{\"@id\":\"https:\/\/zitabs.com.ar\/#\/schema\/logo\/image\/\"},\"sameAs\":[\"https:\/\/www.facebook.com\/zitabs\",\"https:\/\/www.youtube.com\/channel\/UCRl4-6m9-HO9Mgjb6-Dno3w\"]}]}<\/script>\n<!-- \/ Yoast SEO plugin. -->","yoast_head_json":{"title":"Vals Venezolano N\u00b01 \"Tatiana\", Antonio Lauro | ZITAbS","robots":{"index":"index","follow":"follow","max-snippet":"max-snippet:-1","max-image-preview":"max-image-preview:large","max-video-preview":"max-video-preview:-1"},"canonical":"https:\/\/zitabs.com.ar\/en\/product\/vals-venezolano-n1-antonio-lauro\/","og_locale":"en_US","og_type":"article","og_title":"Vals Venezolano N\u00b01 \"Tatiana\", Antonio Lauro | ZITAbS","og_description":"Partitura \/ Tablatura para Guitarra  Archivo descargable  Formato: PDF  N\u00famero de p\u00e1ginas: 5  Tama\u00f1o de archivo: 1,80mb","og_url":"https:\/\/zitabs.com.ar\/en\/product\/vals-venezolano-n1-antonio-lauro\/","og_site_name":"ZITAbS","article_publisher":"https:\/\/www.facebook.com\/zitabs","article_modified_time":"2019-12-18T05:32:59+00:00","og_image":[{"width":509,"height":720,"url":"https:\/\/zitabs.com.ar\/wp-content\/uploads\/2019\/08\/slider_portada1.jpg","type":"image\/jpeg"}],"twitter_card":"summary_large_image","schema":{"@context":"https:\/\/schema.org","@graph":[{"@type":"WebPage","@id":"https:\/\/zitabs.com.ar\/en\/product\/vals-venezolano-n1-antonio-lauro\/","url":"https:\/\/zitabs.com.ar\/en\/product\/vals-venezolano-n1-antonio-lauro\/","name":"Vals Venezolano N\u00b01 \"Tatiana\", Antonio Lauro | ZITAbS","isPartOf":{"@id":"https:\/\/zitabs.com.ar\/#website"},"primaryImageOfPage":{"@id":"https:\/\/zitabs.com.ar\/en\/product\/vals-venezolano-n1-antonio-lauro\/#primaryimage"},"image":{"@id":"https:\/\/zitabs.com.ar\/en\/product\/vals-venezolano-n1-antonio-lauro\/#primaryimage"},"thumbnailUrl":"https:\/\/zitabs.com.ar\/wp-content\/uploads\/2019\/08\/slider_portada1.jpg","datePublished":"2019-08-14T23:44:26+00:00","dateModified":"2019-12-18T05:32:59+00:00","breadcrumb":{"@id":"https:\/\/zitabs.com.ar\/en\/product\/vals-venezolano-n1-antonio-lauro\/#breadcrumb"},"inLanguage":"en-US","potentialAction":[{"@type":"ReadAction","target":["https:\/\/zitabs.com.ar\/en\/product\/vals-venezolano-n1-antonio-lauro\/"]}]},{"@type":"ImageObject","inLanguage":"en-US","@id":"https:\/\/zitabs.com.ar\/en\/product\/vals-venezolano-n1-antonio-lauro\/#primaryimage","url":"https:\/\/zitabs.com.ar\/wp-content\/uploads\/2019\/08\/slider_portada1.jpg","contentUrl":"https:\/\/zitabs.com.ar\/wp-content\/uploads\/2019\/08\/slider_portada1.jpg","width":509,"height":720,"caption":"guitar tabs"},{"@type":"BreadcrumbList","@id":"https:\/\/zitabs.com.ar\/en\/product\/vals-venezolano-n1-antonio-lauro\/#breadcrumb","itemListElement":[{"@type":"ListItem","position":1,"name":"Inicio","item":"https:\/\/zitabs.com.ar\/"},{"@type":"ListItem","position":2,"name":"Tienda","item":"https:\/\/zitabs.com.ar\/shop\/"},{"@type":"ListItem","position":3,"name":"Vals Venezolano N\u00b01 &#8220;Tatiana&#8221;, Antonio Lauro"}]},{"@type":"WebSite","@id":"https:\/\/zitabs.com.ar\/#website","url":"https:\/\/zitabs.com.ar\/","name":"ZITAbS","description":"Guitar Tabs &amp; Sheet Music","publisher":{"@id":"https:\/\/zitabs.com.ar\/#organization"},"potentialAction":[{"@type":"SearchAction","target":{"@type":"EntryPoint","urlTemplate":"https:\/\/zitabs.com.ar\/?s={search_term_string}"},"query-input":{"@type":"PropertyValueSpecification","valueRequired":true,"valueName":"search_term_string"}}],"inLanguage":"en-US"},{"@type":"Organization","@id":"https:\/\/zitabs.com.ar\/#organization","name":"Zitabs","url":"https:\/\/zitabs.com.ar\/","logo":{"@type":"ImageObject","inLanguage":"en-US","@id":"https:\/\/zitabs.com.ar\/#\/schema\/logo\/image\/","url":"https:\/\/zitabs.com.ar\/wp-content\/uploads\/2019\/12\/logo_zitabs_100px.png","contentUrl":"https:\/\/zitabs.com.ar\/wp-content\/uploads\/2019\/12\/logo_zitabs_100px.png","width":100,"height":66,"caption":"Zitabs"},"image":{"@id":"https:\/\/zitabs.com.ar\/#\/schema\/logo\/image\/"},"sameAs":["https:\/\/www.facebook.com\/zitabs","https:\/\/www.youtube.com\/channel\/UCRl4-6m9-HO9Mgjb6-Dno3w"]}]}},"_links":{"self":[{"href":"https:\/\/zitabs.com.ar\/en\/wp-json\/wp\/v2\/product\/1286","targetHints":{"allow":["GET"]}}],"collection":[{"href":"https:\/\/zitabs.com.ar\/en\/wp-json\/wp\/v2\/product"}],"about":[{"href":"https:\/\/zitabs.com.ar\/en\/wp-json\/wp\/v2\/types\/product"}],"replies":[{"embeddable":true,"href":"https:\/\/zitabs.com.ar\/en\/wp-json\/wp\/v2\/comments?post=1286"}],"wp:featuredmedia":[{"embeddable":true,"href":"https:\/\/zitabs.com.ar\/en\/wp-json\/wp\/v2\/media\/1280"}],"wp:attachment":[{"href":"https:\/\/zitabs.com.ar\/en\/wp-json\/wp\/v2\/media?parent=1286"}],"wp:term":[{"taxonomy":"product_brand","embeddable":true,"href":"https:\/\/zitabs.com.ar\/en\/wp-json\/wp\/v2\/product_brand?post=1286"},{"taxonomy":"product_cat","embeddable":true,"href":"https:\/\/zitabs.com.ar\/en\/wp-json\/wp\/v2\/product_cat?post=1286"},{"taxonomy":"product_tag","embeddable":true,"href":"https:\/\/zitabs.com.ar\/en\/wp-json\/wp\/v2\/product_tag?post=1286"}],"curies":[{"name":"wp","href":"https:\/\/api.w.org\/{rel}","templated":true}]}}