{"id":1547,"date":"2019-09-01T13:46:22","date_gmt":"2019-09-01T16:46:22","guid":{"rendered":"https:\/\/zitabs.com.ar\/?post_type=product&#038;p=1547"},"modified":"2020-05-01T00:13:30","modified_gmt":"2020-05-01T03:13:30","slug":"estudio-de-concierto-n2-agustin-barrios-mangore","status":"publish","type":"product","link":"https:\/\/zitabs.com.ar\/en\/product\/estudio-de-concierto-n2-agustin-barrios-mangore\/","title":{"rendered":"Concert Study N\u00b02 \u2013 Agust\u00edn Barrios Mangor\u00e9"},"content":{"rendered":"<p><iframe title=\"Agust\u00edn Barrios - Estudio de Concierto N\u00b02 (Concert Study No.2) TAB, Classical Guitar, Tablature\" width=\"980\" height=\"551\" src=\"https:\/\/www.youtube.com\/embed\/wUyeln5q1Rg?feature=oembed\" frameborder=\"0\" allow=\"accelerometer; autoplay; clipboard-write; encrypted-media; gyroscope; picture-in-picture\" allowfullscreen><\/iframe><\/p>","protected":false},"excerpt":{"rendered":"<p>Guitar Sheet Music \/ Tabs<\/p>\n<p>Downloadable file \u2193<\/p>\n<p>Pdf format<\/p>\n<p>Pages: 9<\/p>\n<p>File size: 2.9mb<\/p>","protected":false},"featured_media":1549,"comment_status":"open","ping_status":"closed","template":"","meta":{"_monsterinsights_skip_tracking":false,"_monsterinsights_sitenote_active":false,"_monsterinsights_sitenote_note":"","_monsterinsights_sitenote_category":0},"product_brand":[],"product_cat":[62,49,57],"product_tag":[],"class_list":{"0":"post-1547","1":"product","2":"type-product","3":"status-publish","4":"has-post-thumbnail","6":"product_cat-estudios","7":"product_cat-musica-clasica","8":"product_cat-nivel-avanzado","10":"first","11":"instock","12":"sale","13":"downloadable","14":"virtual","15":"purchasable","16":"product-type-simple"},"yoast_head":"<!-- This site is optimized with the Yoast SEO plugin v26.5 - https:\/\/yoast.com\/wordpress\/plugins\/seo\/ -->\n<title>Estudio de Concierto N\u00b02 - Agust\u00edn Barrios Mangor\u00e9 | ZITAbS<\/title>\n<meta name=\"robots\" content=\"index, follow, max-snippet:-1, max-image-preview:large, max-video-preview:-1\" \/>\n<link rel=\"canonical\" href=\"https:\/\/zitabs.com.ar\/en\/product\/estudio-de-concierto-n2-agustin-barrios-mangore\/\" \/>\n<meta property=\"og:locale\" content=\"en_US\" \/>\n<meta property=\"og:type\" content=\"article\" \/>\n<meta property=\"og:title\" content=\"Estudio de Concierto N\u00b02 - Agust\u00edn Barrios Mangor\u00e9 | ZITAbS\" \/>\n<meta property=\"og:description\" content=\"Partitura \/ Tablatura para Guitarra  Archivo descargable \u2193  Formato: PDF  N\u00famero de p\u00e1ginas: 9  Tama\u00f1o de archivo: 2,93mb\" \/>\n<meta property=\"og:url\" content=\"https:\/\/zitabs.com.ar\/en\/product\/estudio-de-concierto-n2-agustin-barrios-mangore\/\" \/>\n<meta property=\"og:site_name\" content=\"ZITAbS\" \/>\n<meta property=\"article:publisher\" content=\"https:\/\/www.facebook.com\/zitabs\" \/>\n<meta property=\"article:modified_time\" content=\"2020-05-01T03:13:30+00:00\" \/>\n<meta property=\"og:image\" content=\"https:\/\/zitabs.com.ar\/wp-content\/uploads\/2019\/09\/ESTUDIO-concierto-no2_slider.jpg\" \/>\n\t<meta property=\"og:image:width\" content=\"520\" \/>\n\t<meta property=\"og:image:height\" content=\"736\" \/>\n\t<meta property=\"og:image:type\" content=\"image\/jpeg\" \/>\n<meta name=\"twitter:card\" content=\"summary_large_image\" \/>\n<script type=\"application\/ld+json\" class=\"yoast-schema-graph\">{\"@context\":\"https:\/\/schema.org\",\"@graph\":[{\"@type\":\"WebPage\",\"@id\":\"https:\/\/zitabs.com.ar\/en\/product\/estudio-de-concierto-n2-agustin-barrios-mangore\/\",\"url\":\"https:\/\/zitabs.com.ar\/en\/product\/estudio-de-concierto-n2-agustin-barrios-mangore\/\",\"name\":\"Estudio de Concierto N\u00b02 - Agust\u00edn Barrios Mangor\u00e9 | ZITAbS\",\"isPartOf\":{\"@id\":\"https:\/\/zitabs.com.ar\/#website\"},\"primaryImageOfPage\":{\"@id\":\"https:\/\/zitabs.com.ar\/en\/product\/estudio-de-concierto-n2-agustin-barrios-mangore\/#primaryimage\"},\"image\":{\"@id\":\"https:\/\/zitabs.com.ar\/en\/product\/estudio-de-concierto-n2-agustin-barrios-mangore\/#primaryimage\"},\"thumbnailUrl\":\"https:\/\/zitabs.com.ar\/wp-content\/uploads\/2019\/09\/ESTUDIO-concierto-no2_slider.jpg\",\"datePublished\":\"2019-09-01T16:46:22+00:00\",\"dateModified\":\"2020-05-01T03:13:30+00:00\",\"breadcrumb\":{\"@id\":\"https:\/\/zitabs.com.ar\/en\/product\/estudio-de-concierto-n2-agustin-barrios-mangore\/#breadcrumb\"},\"inLanguage\":\"en-US\",\"potentialAction\":[{\"@type\":\"ReadAction\",\"target\":[\"https:\/\/zitabs.com.ar\/en\/product\/estudio-de-concierto-n2-agustin-barrios-mangore\/\"]}]},{\"@type\":\"ImageObject\",\"inLanguage\":\"en-US\",\"@id\":\"https:\/\/zitabs.com.ar\/en\/product\/estudio-de-concierto-n2-agustin-barrios-mangore\/#primaryimage\",\"url\":\"https:\/\/zitabs.com.ar\/wp-content\/uploads\/2019\/09\/ESTUDIO-concierto-no2_slider.jpg\",\"contentUrl\":\"https:\/\/zitabs.com.ar\/wp-content\/uploads\/2019\/09\/ESTUDIO-concierto-no2_slider.jpg\",\"width\":520,\"height\":736,\"caption\":\"guitar tabs\"},{\"@type\":\"BreadcrumbList\",\"@id\":\"https:\/\/zitabs.com.ar\/en\/product\/estudio-de-concierto-n2-agustin-barrios-mangore\/#breadcrumb\",\"itemListElement\":[{\"@type\":\"ListItem\",\"position\":1,\"name\":\"Inicio\",\"item\":\"https:\/\/zitabs.com.ar\/\"},{\"@type\":\"ListItem\",\"position\":2,\"name\":\"Tienda\",\"item\":\"https:\/\/zitabs.com.ar\/shop\/\"},{\"@type\":\"ListItem\",\"position\":3,\"name\":\"Estudio de Concierto N\u00b02 &#8211; Agust\u00edn Barrios Mangor\u00e9\"}]},{\"@type\":\"WebSite\",\"@id\":\"https:\/\/zitabs.com.ar\/#website\",\"url\":\"https:\/\/zitabs.com.ar\/\",\"name\":\"ZITAbS\",\"description\":\"Guitar Tabs &amp; Sheet Music\",\"publisher\":{\"@id\":\"https:\/\/zitabs.com.ar\/#organization\"},\"potentialAction\":[{\"@type\":\"SearchAction\",\"target\":{\"@type\":\"EntryPoint\",\"urlTemplate\":\"https:\/\/zitabs.com.ar\/?s={search_term_string}\"},\"query-input\":{\"@type\":\"PropertyValueSpecification\",\"valueRequired\":true,\"valueName\":\"search_term_string\"}}],\"inLanguage\":\"en-US\"},{\"@type\":\"Organization\",\"@id\":\"https:\/\/zitabs.com.ar\/#organization\",\"name\":\"Zitabs\",\"url\":\"https:\/\/zitabs.com.ar\/\",\"logo\":{\"@type\":\"ImageObject\",\"inLanguage\":\"en-US\",\"@id\":\"https:\/\/zitabs.com.ar\/#\/schema\/logo\/image\/\",\"url\":\"https:\/\/zitabs.com.ar\/wp-content\/uploads\/2019\/12\/logo_zitabs_100px.png\",\"contentUrl\":\"https:\/\/zitabs.com.ar\/wp-content\/uploads\/2019\/12\/logo_zitabs_100px.png\",\"width\":100,\"height\":66,\"caption\":\"Zitabs\"},\"image\":{\"@id\":\"https:\/\/zitabs.com.ar\/#\/schema\/logo\/image\/\"},\"sameAs\":[\"https:\/\/www.facebook.com\/zitabs\",\"https:\/\/www.youtube.com\/channel\/UCRl4-6m9-HO9Mgjb6-Dno3w\"]}]}<\/script>\n<!-- \/ Yoast SEO plugin. -->","yoast_head_json":{"title":"Estudio de Concierto N\u00b02 - Agust\u00edn Barrios Mangor\u00e9 | ZITAbS","robots":{"index":"index","follow":"follow","max-snippet":"max-snippet:-1","max-image-preview":"max-image-preview:large","max-video-preview":"max-video-preview:-1"},"canonical":"https:\/\/zitabs.com.ar\/en\/product\/estudio-de-concierto-n2-agustin-barrios-mangore\/","og_locale":"en_US","og_type":"article","og_title":"Estudio de Concierto N\u00b02 - Agust\u00edn Barrios Mangor\u00e9 | ZITAbS","og_description":"Partitura \/ Tablatura para Guitarra  Archivo descargable \u2193  Formato: PDF  N\u00famero de p\u00e1ginas: 9  Tama\u00f1o de archivo: 2,93mb","og_url":"https:\/\/zitabs.com.ar\/en\/product\/estudio-de-concierto-n2-agustin-barrios-mangore\/","og_site_name":"ZITAbS","article_publisher":"https:\/\/www.facebook.com\/zitabs","article_modified_time":"2020-05-01T03:13:30+00:00","og_image":[{"width":520,"height":736,"url":"https:\/\/zitabs.com.ar\/wp-content\/uploads\/2019\/09\/ESTUDIO-concierto-no2_slider.jpg","type":"image\/jpeg"}],"twitter_card":"summary_large_image","schema":{"@context":"https:\/\/schema.org","@graph":[{"@type":"WebPage","@id":"https:\/\/zitabs.com.ar\/en\/product\/estudio-de-concierto-n2-agustin-barrios-mangore\/","url":"https:\/\/zitabs.com.ar\/en\/product\/estudio-de-concierto-n2-agustin-barrios-mangore\/","name":"Estudio de Concierto N\u00b02 - Agust\u00edn Barrios Mangor\u00e9 | ZITAbS","isPartOf":{"@id":"https:\/\/zitabs.com.ar\/#website"},"primaryImageOfPage":{"@id":"https:\/\/zitabs.com.ar\/en\/product\/estudio-de-concierto-n2-agustin-barrios-mangore\/#primaryimage"},"image":{"@id":"https:\/\/zitabs.com.ar\/en\/product\/estudio-de-concierto-n2-agustin-barrios-mangore\/#primaryimage"},"thumbnailUrl":"https:\/\/zitabs.com.ar\/wp-content\/uploads\/2019\/09\/ESTUDIO-concierto-no2_slider.jpg","datePublished":"2019-09-01T16:46:22+00:00","dateModified":"2020-05-01T03:13:30+00:00","breadcrumb":{"@id":"https:\/\/zitabs.com.ar\/en\/product\/estudio-de-concierto-n2-agustin-barrios-mangore\/#breadcrumb"},"inLanguage":"en-US","potentialAction":[{"@type":"ReadAction","target":["https:\/\/zitabs.com.ar\/en\/product\/estudio-de-concierto-n2-agustin-barrios-mangore\/"]}]},{"@type":"ImageObject","inLanguage":"en-US","@id":"https:\/\/zitabs.com.ar\/en\/product\/estudio-de-concierto-n2-agustin-barrios-mangore\/#primaryimage","url":"https:\/\/zitabs.com.ar\/wp-content\/uploads\/2019\/09\/ESTUDIO-concierto-no2_slider.jpg","contentUrl":"https:\/\/zitabs.com.ar\/wp-content\/uploads\/2019\/09\/ESTUDIO-concierto-no2_slider.jpg","width":520,"height":736,"caption":"guitar tabs"},{"@type":"BreadcrumbList","@id":"https:\/\/zitabs.com.ar\/en\/product\/estudio-de-concierto-n2-agustin-barrios-mangore\/#breadcrumb","itemListElement":[{"@type":"ListItem","position":1,"name":"Inicio","item":"https:\/\/zitabs.com.ar\/"},{"@type":"ListItem","position":2,"name":"Tienda","item":"https:\/\/zitabs.com.ar\/shop\/"},{"@type":"ListItem","position":3,"name":"Estudio de Concierto N\u00b02 &#8211; Agust\u00edn Barrios Mangor\u00e9"}]},{"@type":"WebSite","@id":"https:\/\/zitabs.com.ar\/#website","url":"https:\/\/zitabs.com.ar\/","name":"ZITAbS","description":"Guitar Tabs &amp; Sheet Music","publisher":{"@id":"https:\/\/zitabs.com.ar\/#organization"},"potentialAction":[{"@type":"SearchAction","target":{"@type":"EntryPoint","urlTemplate":"https:\/\/zitabs.com.ar\/?s={search_term_string}"},"query-input":{"@type":"PropertyValueSpecification","valueRequired":true,"valueName":"search_term_string"}}],"inLanguage":"en-US"},{"@type":"Organization","@id":"https:\/\/zitabs.com.ar\/#organization","name":"Zitabs","url":"https:\/\/zitabs.com.ar\/","logo":{"@type":"ImageObject","inLanguage":"en-US","@id":"https:\/\/zitabs.com.ar\/#\/schema\/logo\/image\/","url":"https:\/\/zitabs.com.ar\/wp-content\/uploads\/2019\/12\/logo_zitabs_100px.png","contentUrl":"https:\/\/zitabs.com.ar\/wp-content\/uploads\/2019\/12\/logo_zitabs_100px.png","width":100,"height":66,"caption":"Zitabs"},"image":{"@id":"https:\/\/zitabs.com.ar\/#\/schema\/logo\/image\/"},"sameAs":["https:\/\/www.facebook.com\/zitabs","https:\/\/www.youtube.com\/channel\/UCRl4-6m9-HO9Mgjb6-Dno3w"]}]}},"_links":{"self":[{"href":"https:\/\/zitabs.com.ar\/en\/wp-json\/wp\/v2\/product\/1547","targetHints":{"allow":["GET"]}}],"collection":[{"href":"https:\/\/zitabs.com.ar\/en\/wp-json\/wp\/v2\/product"}],"about":[{"href":"https:\/\/zitabs.com.ar\/en\/wp-json\/wp\/v2\/types\/product"}],"replies":[{"embeddable":true,"href":"https:\/\/zitabs.com.ar\/en\/wp-json\/wp\/v2\/comments?post=1547"}],"wp:featuredmedia":[{"embeddable":true,"href":"https:\/\/zitabs.com.ar\/en\/wp-json\/wp\/v2\/media\/1549"}],"wp:attachment":[{"href":"https:\/\/zitabs.com.ar\/en\/wp-json\/wp\/v2\/media?parent=1547"}],"wp:term":[{"taxonomy":"product_brand","embeddable":true,"href":"https:\/\/zitabs.com.ar\/en\/wp-json\/wp\/v2\/product_brand?post=1547"},{"taxonomy":"product_cat","embeddable":true,"href":"https:\/\/zitabs.com.ar\/en\/wp-json\/wp\/v2\/product_cat?post=1547"},{"taxonomy":"product_tag","embeddable":true,"href":"https:\/\/zitabs.com.ar\/en\/wp-json\/wp\/v2\/product_tag?post=1547"}],"curies":[{"name":"wp","href":"https:\/\/api.w.org\/{rel}","templated":true}]}}