{"id":18112,"date":"2020-04-24T10:28:04","date_gmt":"2020-04-24T13:28:04","guid":{"rendered":"https:\/\/zitabs.com.ar\/?post_type=product&#038;p=18112"},"modified":"2022-05-04T14:41:59","modified_gmt":"2022-05-04T17:41:59","slug":"gloria-al-nino-ricardo-solea-paco-de-lucia","status":"publish","type":"product","link":"https:\/\/zitabs.com.ar\/en\/product\/gloria-al-nino-ricardo-solea-paco-de-lucia\/","title":{"rendered":"Glory to the Ni\u00f1o Ricardo (Sole\u00e1), Paco de Lucia"},"content":{"rendered":"<p><iframe title=\"Paco de Lucia - Gloria al Ni\u00f1o Ricardo (Sole\u00e1) TAB Flamenco Guitar, Transcription\" width=\"980\" height=\"551\" src=\"https:\/\/www.youtube.com\/embed\/CfvPhasK1Uc?feature=oembed\" frameborder=\"0\" allow=\"accelerometer; autoplay; clipboard-write; encrypted-media; gyroscope; picture-in-picture\" allowfullscreen><\/iframe><\/p>\n<p>&#8220;Gloria al Ni\u00f1o Ricardo&#8221; is a magnificent composition by the great flamenco guitarist Paco de Lucia, dedicated to who is also considered one of the great masters of flamenco guitar: Ni\u00f1o Ricardo. (In various interviews with Paco de Lucia, he was heard saying that &#8220;as a child the only things he touched were those of Ni\u00f1o Ricardo&#8221;) This work of deep beauty is framed on a flamenco rhythm called Sole\u00e1 (loneliness \/ solitude). Here, Paco de Luc\u00eda combines his brilliant technique of tremolos, picados (scales), alzapuas, strumming, arpeggios, on melodies (falsetas) that generate a particularly unique atmosphere. &#8220;Gloria al Ni\u00f1o Ricardo&#8221; appears as the last song on the album Siroco (1987)<\/p>\n<p>* This tablature is fully fingered (digitate) *<\/p>\n<p>** This version is executed with capo at first fret **<\/p>\n<p>&#8211; &#8211; &#8211; &#8211; &#8211; &#8211; &#8211; &#8211; &#8211; &#8211; &#8211; &#8211; &#8211; &#8211; &#8211; &#8211; &#8211; &#8211; &#8211; &#8211; &#8211; &#8211; &#8211; &#8211; &#8211; &#8211; &#8211; &#8211; &#8211; &#8211; &#8211; &#8211; &#8211; &#8211; &#8211; &#8211; &#8211; &#8211; &#8211; &#8211; &#8211; &#8211; &#8211; &#8211; &#8211; &#8211; &#8211; &#8211; &#8220;Gloria al Ni\u00f1o Ricardo&#8221; es una magn\u00edfica composici\u00f3n del gran guitarrista flamenco Paco de Lucia, dedicada a quien tambi\u00e9n es considerado como uno de los grandes maestros de la guitarra flamenca: Ni\u00f1o Ricardo. (En diversas entrevistas a Paco de Lucia, se lo escuchaba decir que &#8220;de ni\u00f1o las \u00fanicas cosas que tocaba eran las del Ni\u00f1o Ricardo&#8221;) Esta obra de profunda belleza est\u00e1 enmarcada sobre un ritmo flamenco llamado Sole\u00e1 (Soledad). Aqu\u00ed, de Luc\u00eda combina su brillante t\u00e9cnica de tr\u00e9molos, picados (escalas), alzap\u00faas, rasgueos, arpegios, sobre melod\u00edas (falsetas) que generan una atm\u00f3sfera particularmente \u00fanica. &#8220;Gloria al Ni\u00f1o Ricardo&#8221; aparece como \u00faltimo tema del \u00e1lbum Siroco (1987)<\/p>\n<p>*Esta tablatura est\u00e1 completamente digitada*<\/p>\n<p>**Esta versi\u00f3n est\u00e1 ejecutada con capo (cejilla) en primer traste**<\/p>","protected":false},"excerpt":{"rendered":"<p>Guitar Tab<\/p>\n<p>Downloadable file \u2193<\/p>\n<p>Pdf format<\/p>\n<p>Pages: 24<\/p>\n<p>File size: 3.54mb<\/p>","protected":false},"featured_media":18113,"comment_status":"open","ping_status":"closed","template":"","meta":{"_monsterinsights_skip_tracking":false,"_monsterinsights_sitenote_active":false,"_monsterinsights_sitenote_note":"","_monsterinsights_sitenote_category":0},"product_brand":[],"product_cat":[54,57],"product_tag":[146],"class_list":{"0":"post-18112","1":"product","2":"type-product","3":"status-publish","4":"has-post-thumbnail","6":"product_cat-flamenco","7":"product_cat-nivel-avanzado","8":"product_tag-digitado","10":"first","11":"instock","12":"downloadable","13":"virtual","14":"purchasable","15":"product-type-simple"},"yoast_head":"<!-- This site is optimized with the Yoast SEO plugin v26.5 - https:\/\/yoast.com\/wordpress\/plugins\/seo\/ -->\n<title>Gloria al Ni\u00f1o Ricardo (Sole\u00e1), Paco de Lucia | ZITAbS<\/title>\n<meta name=\"description\" content=\"(FLAMENCO GUITAR TAB) Paco de Luc\u00eda - Gloria al Ni\u00f1o Ricardo (Sole\u00e1), Album: Siroco (1987), Tablature, Tablatura, Digitada, Digitate (fingered)\" \/>\n<meta name=\"robots\" content=\"index, follow, max-snippet:-1, max-image-preview:large, max-video-preview:-1\" \/>\n<link rel=\"canonical\" href=\"https:\/\/zitabs.com.ar\/en\/product\/gloria-al-nino-ricardo-solea-paco-de-lucia\/\" \/>\n<meta property=\"og:locale\" content=\"en_US\" \/>\n<meta property=\"og:type\" content=\"article\" \/>\n<meta property=\"og:title\" content=\"Gloria al Ni\u00f1o Ricardo (Sole\u00e1), Paco de Lucia | ZITAbS\" \/>\n<meta property=\"og:description\" content=\"(FLAMENCO GUITAR TAB) Paco de Luc\u00eda - Gloria al Ni\u00f1o Ricardo (Sole\u00e1), Album: Siroco (1987), Tablature, Tablatura, Digitada, Digitate (fingered)\" \/>\n<meta property=\"og:url\" content=\"https:\/\/zitabs.com.ar\/en\/product\/gloria-al-nino-ricardo-solea-paco-de-lucia\/\" \/>\n<meta property=\"og:site_name\" content=\"ZITAbS\" \/>\n<meta property=\"article:publisher\" content=\"https:\/\/www.facebook.com\/zitabs\" \/>\n<meta property=\"article:modified_time\" content=\"2022-05-04T17:41:59+00:00\" \/>\n<meta property=\"og:image\" content=\"https:\/\/zitabs.com.ar\/wp-content\/uploads\/2020\/04\/Paco-de-Lucia-Gloria-al-Ni\u00f1o-Ricardo-Sole\u00e1-TAB-Transcription-Tablature-Tablatura-PORTADA-flamenco.png\" \/>\n\t<meta property=\"og:image:width\" content=\"720\" \/>\n\t<meta property=\"og:image:height\" content=\"1018\" \/>\n\t<meta property=\"og:image:type\" content=\"image\/png\" \/>\n<meta name=\"twitter:card\" content=\"summary_large_image\" \/>\n<meta name=\"twitter:label1\" content=\"Est. reading time\" \/>\n\t<meta name=\"twitter:data1\" content=\"2 minutes\" \/>\n<script type=\"application\/ld+json\" class=\"yoast-schema-graph\">{\"@context\":\"https:\/\/schema.org\",\"@graph\":[{\"@type\":\"WebPage\",\"@id\":\"https:\/\/zitabs.com.ar\/en\/product\/gloria-al-nino-ricardo-solea-paco-de-lucia\/\",\"url\":\"https:\/\/zitabs.com.ar\/en\/product\/gloria-al-nino-ricardo-solea-paco-de-lucia\/\",\"name\":\"Gloria al Ni\u00f1o Ricardo (Sole\u00e1), Paco de Lucia | ZITAbS\",\"isPartOf\":{\"@id\":\"https:\/\/zitabs.com.ar\/#website\"},\"primaryImageOfPage\":{\"@id\":\"https:\/\/zitabs.com.ar\/en\/product\/gloria-al-nino-ricardo-solea-paco-de-lucia\/#primaryimage\"},\"image\":{\"@id\":\"https:\/\/zitabs.com.ar\/en\/product\/gloria-al-nino-ricardo-solea-paco-de-lucia\/#primaryimage\"},\"thumbnailUrl\":\"https:\/\/zitabs.com.ar\/wp-content\/uploads\/2020\/04\/Paco-de-Lucia-Gloria-al-Ni\u00f1o-Ricardo-Sole\u00e1-TAB-Transcription-Tablature-Tablatura-PORTADA-flamenco.png\",\"datePublished\":\"2020-04-24T13:28:04+00:00\",\"dateModified\":\"2022-05-04T17:41:59+00:00\",\"description\":\"(FLAMENCO GUITAR TAB) Paco de Luc\u00eda - Gloria al Ni\u00f1o Ricardo (Sole\u00e1), Album: Siroco (1987), Tablature, Tablatura, Digitada, Digitate (fingered)\",\"breadcrumb\":{\"@id\":\"https:\/\/zitabs.com.ar\/en\/product\/gloria-al-nino-ricardo-solea-paco-de-lucia\/#breadcrumb\"},\"inLanguage\":\"en-US\",\"potentialAction\":[{\"@type\":\"ReadAction\",\"target\":[\"https:\/\/zitabs.com.ar\/en\/product\/gloria-al-nino-ricardo-solea-paco-de-lucia\/\"]}]},{\"@type\":\"ImageObject\",\"inLanguage\":\"en-US\",\"@id\":\"https:\/\/zitabs.com.ar\/en\/product\/gloria-al-nino-ricardo-solea-paco-de-lucia\/#primaryimage\",\"url\":\"https:\/\/zitabs.com.ar\/wp-content\/uploads\/2020\/04\/Paco-de-Lucia-Gloria-al-Ni\u00f1o-Ricardo-Sole\u00e1-TAB-Transcription-Tablature-Tablatura-PORTADA-flamenco.png\",\"contentUrl\":\"https:\/\/zitabs.com.ar\/wp-content\/uploads\/2020\/04\/Paco-de-Lucia-Gloria-al-Ni\u00f1o-Ricardo-Sole\u00e1-TAB-Transcription-Tablature-Tablatura-PORTADA-flamenco.png\",\"width\":720,\"height\":1018,\"caption\":\"Paco de Lucia - Gloria al Ni\u00f1o Ricardo (Sole\u00e1) TAB, Transcription, Tablature, Tablatura PORTADA flamenco\"},{\"@type\":\"BreadcrumbList\",\"@id\":\"https:\/\/zitabs.com.ar\/en\/product\/gloria-al-nino-ricardo-solea-paco-de-lucia\/#breadcrumb\",\"itemListElement\":[{\"@type\":\"ListItem\",\"position\":1,\"name\":\"Inicio\",\"item\":\"https:\/\/zitabs.com.ar\/\"},{\"@type\":\"ListItem\",\"position\":2,\"name\":\"Tienda\",\"item\":\"https:\/\/zitabs.com.ar\/shop\/\"},{\"@type\":\"ListItem\",\"position\":3,\"name\":\"Gloria al Ni\u00f1o Ricardo (Sole\u00e1), Paco de Lucia\"}]},{\"@type\":\"WebSite\",\"@id\":\"https:\/\/zitabs.com.ar\/#website\",\"url\":\"https:\/\/zitabs.com.ar\/\",\"name\":\"ZITAbS\",\"description\":\"Guitar Tabs &amp; Sheet Music\",\"publisher\":{\"@id\":\"https:\/\/zitabs.com.ar\/#organization\"},\"potentialAction\":[{\"@type\":\"SearchAction\",\"target\":{\"@type\":\"EntryPoint\",\"urlTemplate\":\"https:\/\/zitabs.com.ar\/?s={search_term_string}\"},\"query-input\":{\"@type\":\"PropertyValueSpecification\",\"valueRequired\":true,\"valueName\":\"search_term_string\"}}],\"inLanguage\":\"en-US\"},{\"@type\":\"Organization\",\"@id\":\"https:\/\/zitabs.com.ar\/#organization\",\"name\":\"Zitabs\",\"url\":\"https:\/\/zitabs.com.ar\/\",\"logo\":{\"@type\":\"ImageObject\",\"inLanguage\":\"en-US\",\"@id\":\"https:\/\/zitabs.com.ar\/#\/schema\/logo\/image\/\",\"url\":\"https:\/\/zitabs.com.ar\/wp-content\/uploads\/2019\/12\/logo_zitabs_100px.png\",\"contentUrl\":\"https:\/\/zitabs.com.ar\/wp-content\/uploads\/2019\/12\/logo_zitabs_100px.png\",\"width\":100,\"height\":66,\"caption\":\"Zitabs\"},\"image\":{\"@id\":\"https:\/\/zitabs.com.ar\/#\/schema\/logo\/image\/\"},\"sameAs\":[\"https:\/\/www.facebook.com\/zitabs\",\"https:\/\/www.youtube.com\/channel\/UCRl4-6m9-HO9Mgjb6-Dno3w\"]}]}<\/script>\n<!-- \/ Yoast SEO plugin. -->","yoast_head_json":{"title":"Gloria al Ni\u00f1o Ricardo (Sole\u00e1), Paco de Lucia | ZITAbS","description":"(FLAMENCO GUITAR TAB) Paco de Luc\u00eda - Gloria al Ni\u00f1o Ricardo (Sole\u00e1), Album: Siroco (1987), Tablature, Tablatura, Digitada, Digitate (fingered)","robots":{"index":"index","follow":"follow","max-snippet":"max-snippet:-1","max-image-preview":"max-image-preview:large","max-video-preview":"max-video-preview:-1"},"canonical":"https:\/\/zitabs.com.ar\/en\/product\/gloria-al-nino-ricardo-solea-paco-de-lucia\/","og_locale":"en_US","og_type":"article","og_title":"Gloria al Ni\u00f1o Ricardo (Sole\u00e1), Paco de Lucia | ZITAbS","og_description":"(FLAMENCO GUITAR TAB) Paco de Luc\u00eda - Gloria al Ni\u00f1o Ricardo (Sole\u00e1), Album: Siroco (1987), Tablature, Tablatura, Digitada, Digitate (fingered)","og_url":"https:\/\/zitabs.com.ar\/en\/product\/gloria-al-nino-ricardo-solea-paco-de-lucia\/","og_site_name":"ZITAbS","article_publisher":"https:\/\/www.facebook.com\/zitabs","article_modified_time":"2022-05-04T17:41:59+00:00","og_image":[{"width":720,"height":1018,"url":"https:\/\/zitabs.com.ar\/wp-content\/uploads\/2020\/04\/Paco-de-Lucia-Gloria-al-Ni\u00f1o-Ricardo-Sole\u00e1-TAB-Transcription-Tablature-Tablatura-PORTADA-flamenco.png","type":"image\/png"}],"twitter_card":"summary_large_image","twitter_misc":{"Est. reading time":"2 minutes"},"schema":{"@context":"https:\/\/schema.org","@graph":[{"@type":"WebPage","@id":"https:\/\/zitabs.com.ar\/en\/product\/gloria-al-nino-ricardo-solea-paco-de-lucia\/","url":"https:\/\/zitabs.com.ar\/en\/product\/gloria-al-nino-ricardo-solea-paco-de-lucia\/","name":"Gloria al Ni\u00f1o Ricardo (Sole\u00e1), Paco de Lucia | ZITAbS","isPartOf":{"@id":"https:\/\/zitabs.com.ar\/#website"},"primaryImageOfPage":{"@id":"https:\/\/zitabs.com.ar\/en\/product\/gloria-al-nino-ricardo-solea-paco-de-lucia\/#primaryimage"},"image":{"@id":"https:\/\/zitabs.com.ar\/en\/product\/gloria-al-nino-ricardo-solea-paco-de-lucia\/#primaryimage"},"thumbnailUrl":"https:\/\/zitabs.com.ar\/wp-content\/uploads\/2020\/04\/Paco-de-Lucia-Gloria-al-Ni\u00f1o-Ricardo-Sole\u00e1-TAB-Transcription-Tablature-Tablatura-PORTADA-flamenco.png","datePublished":"2020-04-24T13:28:04+00:00","dateModified":"2022-05-04T17:41:59+00:00","description":"(FLAMENCO GUITAR TAB) Paco de Luc\u00eda - Gloria al Ni\u00f1o Ricardo (Sole\u00e1), Album: Siroco (1987), Tablature, Tablatura, Digitada, Digitate (fingered)","breadcrumb":{"@id":"https:\/\/zitabs.com.ar\/en\/product\/gloria-al-nino-ricardo-solea-paco-de-lucia\/#breadcrumb"},"inLanguage":"en-US","potentialAction":[{"@type":"ReadAction","target":["https:\/\/zitabs.com.ar\/en\/product\/gloria-al-nino-ricardo-solea-paco-de-lucia\/"]}]},{"@type":"ImageObject","inLanguage":"en-US","@id":"https:\/\/zitabs.com.ar\/en\/product\/gloria-al-nino-ricardo-solea-paco-de-lucia\/#primaryimage","url":"https:\/\/zitabs.com.ar\/wp-content\/uploads\/2020\/04\/Paco-de-Lucia-Gloria-al-Ni\u00f1o-Ricardo-Sole\u00e1-TAB-Transcription-Tablature-Tablatura-PORTADA-flamenco.png","contentUrl":"https:\/\/zitabs.com.ar\/wp-content\/uploads\/2020\/04\/Paco-de-Lucia-Gloria-al-Ni\u00f1o-Ricardo-Sole\u00e1-TAB-Transcription-Tablature-Tablatura-PORTADA-flamenco.png","width":720,"height":1018,"caption":"Paco de Lucia - Gloria al Ni\u00f1o Ricardo (Sole\u00e1) TAB, Transcription, Tablature, Tablatura PORTADA flamenco"},{"@type":"BreadcrumbList","@id":"https:\/\/zitabs.com.ar\/en\/product\/gloria-al-nino-ricardo-solea-paco-de-lucia\/#breadcrumb","itemListElement":[{"@type":"ListItem","position":1,"name":"Inicio","item":"https:\/\/zitabs.com.ar\/"},{"@type":"ListItem","position":2,"name":"Tienda","item":"https:\/\/zitabs.com.ar\/shop\/"},{"@type":"ListItem","position":3,"name":"Gloria al Ni\u00f1o Ricardo (Sole\u00e1), Paco de Lucia"}]},{"@type":"WebSite","@id":"https:\/\/zitabs.com.ar\/#website","url":"https:\/\/zitabs.com.ar\/","name":"ZITAbS","description":"Guitar Tabs &amp; Sheet Music","publisher":{"@id":"https:\/\/zitabs.com.ar\/#organization"},"potentialAction":[{"@type":"SearchAction","target":{"@type":"EntryPoint","urlTemplate":"https:\/\/zitabs.com.ar\/?s={search_term_string}"},"query-input":{"@type":"PropertyValueSpecification","valueRequired":true,"valueName":"search_term_string"}}],"inLanguage":"en-US"},{"@type":"Organization","@id":"https:\/\/zitabs.com.ar\/#organization","name":"Zitabs","url":"https:\/\/zitabs.com.ar\/","logo":{"@type":"ImageObject","inLanguage":"en-US","@id":"https:\/\/zitabs.com.ar\/#\/schema\/logo\/image\/","url":"https:\/\/zitabs.com.ar\/wp-content\/uploads\/2019\/12\/logo_zitabs_100px.png","contentUrl":"https:\/\/zitabs.com.ar\/wp-content\/uploads\/2019\/12\/logo_zitabs_100px.png","width":100,"height":66,"caption":"Zitabs"},"image":{"@id":"https:\/\/zitabs.com.ar\/#\/schema\/logo\/image\/"},"sameAs":["https:\/\/www.facebook.com\/zitabs","https:\/\/www.youtube.com\/channel\/UCRl4-6m9-HO9Mgjb6-Dno3w"]}]}},"_links":{"self":[{"href":"https:\/\/zitabs.com.ar\/en\/wp-json\/wp\/v2\/product\/18112","targetHints":{"allow":["GET"]}}],"collection":[{"href":"https:\/\/zitabs.com.ar\/en\/wp-json\/wp\/v2\/product"}],"about":[{"href":"https:\/\/zitabs.com.ar\/en\/wp-json\/wp\/v2\/types\/product"}],"replies":[{"embeddable":true,"href":"https:\/\/zitabs.com.ar\/en\/wp-json\/wp\/v2\/comments?post=18112"}],"wp:featuredmedia":[{"embeddable":true,"href":"https:\/\/zitabs.com.ar\/en\/wp-json\/wp\/v2\/media\/18113"}],"wp:attachment":[{"href":"https:\/\/zitabs.com.ar\/en\/wp-json\/wp\/v2\/media?parent=18112"}],"wp:term":[{"taxonomy":"product_brand","embeddable":true,"href":"https:\/\/zitabs.com.ar\/en\/wp-json\/wp\/v2\/product_brand?post=18112"},{"taxonomy":"product_cat","embeddable":true,"href":"https:\/\/zitabs.com.ar\/en\/wp-json\/wp\/v2\/product_cat?post=18112"},{"taxonomy":"product_tag","embeddable":true,"href":"https:\/\/zitabs.com.ar\/en\/wp-json\/wp\/v2\/product_tag?post=18112"}],"curies":[{"name":"wp","href":"https:\/\/api.w.org\/{rel}","templated":true}]}}