{"id":18818,"date":"2020-04-29T22:28:50","date_gmt":"2020-04-30T01:28:50","guid":{"rendered":"https:\/\/zitabs.com.ar\/?post_type=product&#038;p=18818"},"modified":"2020-04-30T01:49:50","modified_gmt":"2020-04-30T04:49:50","slug":"falseta-por-tangos-n2-tu-amor-para-mi-no-es-fantasia-paco-de-lucia-guitar-tabs-flamenco-guitar","status":"publish","type":"product","link":"https:\/\/zitabs.com.ar\/en\/product\/falseta-por-tangos-n2-tu-amor-para-mi-no-es-fantasia-paco-de-lucia-guitar-tabs-flamenco-guitar\/","title":{"rendered":"Falseta por Tangos n \u00b0 2 \u201cYour love for me is not fantasy\u201d, Paco de Luc\u00eda (TAB + Audio)"},"content":{"rendered":"<p><iframe title=\"Paco de Lucia - Falseta por tangos n\u00b02 &quot;Tu amor para m\u00ed no es fantas\u00eda&quot; TAB Flamenco Guitar Tab\" width=\"980\" height=\"551\" src=\"https:\/\/www.youtube.com\/embed\/y-KNureK8Yw?feature=oembed\" frameborder=\"0\" allow=\"accelerometer; autoplay; clipboard-write; encrypted-media; gyroscope; picture-in-picture\" allowfullscreen><\/iframe><\/p>\n<p>This is the second falseta that appear in the tangos &#8220;Tu Amor Para M\u00ed No Es Fantas\u00eda&#8221; on the album &#8220;como el agua&#8221; by Camar\u00f3n de la Isla and Paco de Lucia. (1981) This virtuous falseza of alzap\u00faa, in turn, is part of the tangos &#8220;Solo Quiero Caminar&#8221; on the album with the same title of Paco de Lucia. The tablature is typed for both hands, and the pdf file contains the audios in normal and slow versions.<\/p>\n<p>&#8211; &#8211; &#8211; &#8211; &#8211; &#8211; &#8211; &#8211; &#8211; &#8211; &#8211; &#8211; &#8211; &#8211; &#8211; &#8211; &#8211; &#8211; &#8211; &#8211; &#8211; &#8211; &#8211; &#8211; &#8211; &#8211; &#8211; &#8211; &#8211; &#8211; &#8211; &#8211; &#8211; &#8211; &#8211; &#8211; &#8211; &#8211; &#8211; &#8211; &#8211; &#8211; &#8211; &#8211; &#8211; &#8211;<\/p>\n<p>Esta es la segunda falseta que aparecen en los tangos &#8220;Tu Amor Para M\u00ed No Es Fantas\u00eda&#8221; del disco &#8220;como el agua&#8221; de Camar\u00f3n de la Isla y Paco de Lucia. (1981) Esta virtuosa falseta de alzap\u00faa a su vez forma parte de los tangos &#8220;Solo Quiero Caminar&#8221; del disco con el mismo t\u00edtulo de Paco de Lucia. La tablatura est\u00e1 digitada para ambas manos, y en el archivo pdf se encuentran los audios en versi\u00f3n normal y lenta.<\/p>","protected":false},"excerpt":{"rendered":"<p>Guitar Tab<\/p>\n<p>Downloadable file<\/p>\n<p>Pdf format<\/p>\n<p>Pages: 2<\/p>\n<p>Audio: MP3 (x2: normal \/ slow), 320 kbps<\/p>\n<p>File size: 2.20mb<\/p>","protected":false},"featured_media":18820,"comment_status":"open","ping_status":"closed","template":"","meta":{"_monsterinsights_skip_tracking":false,"_monsterinsights_sitenote_active":false,"_monsterinsights_sitenote_note":"","_monsterinsights_sitenote_category":0},"product_brand":[],"product_cat":[54,57],"product_tag":[],"class_list":{"0":"post-18818","1":"product","2":"type-product","3":"status-publish","4":"has-post-thumbnail","6":"product_cat-flamenco","7":"product_cat-nivel-avanzado","9":"first","10":"instock","11":"downloadable","12":"virtual","13":"purchasable","14":"product-type-simple"},"yoast_head":"<!-- This site is optimized with the Yoast SEO plugin v26.5 - https:\/\/yoast.com\/wordpress\/plugins\/seo\/ -->\n<title>Falseta por Tangos n\u00b02 &quot;Tu amor para m\u00ed no es fantas\u00eda&quot;, Paco de Luc\u00eda (TAB + Audio) | ZITAbS |<\/title>\n<meta name=\"description\" content=\"Falseta por tangos n\u00b02, Paco de Lucia, &quot;Tu amor para m\u00ed no es fantas\u00eda&quot;. PDF: Tab + Audio. Flamenco guitar Tabs. Tablature. Tablaturas Paco de Luc\u00eda.\" \/>\n<meta name=\"robots\" content=\"index, follow, max-snippet:-1, max-image-preview:large, max-video-preview:-1\" \/>\n<link rel=\"canonical\" href=\"https:\/\/zitabs.com.ar\/en\/product\/falseta-por-tangos-n2-tu-amor-para-mi-no-es-fantasia-paco-de-lucia-guitar-tabs-flamenco-guitar\/\" \/>\n<meta property=\"og:locale\" content=\"en_US\" \/>\n<meta property=\"og:type\" content=\"article\" \/>\n<meta property=\"og:title\" content=\"Falseta por Tangos n\u00b02 &quot;Tu amor para m\u00ed no es fantas\u00eda&quot;, Paco de Luc\u00eda (TAB + Audio) | ZITAbS |\" \/>\n<meta property=\"og:description\" content=\"Falseta por tangos n\u00b02, Paco de Lucia, &quot;Tu amor para m\u00ed no es fantas\u00eda&quot;. PDF: Tab + Audio. Flamenco guitar Tabs. Tablature. Tablaturas Paco de Luc\u00eda.\" \/>\n<meta property=\"og:url\" content=\"https:\/\/zitabs.com.ar\/en\/product\/falseta-por-tangos-n2-tu-amor-para-mi-no-es-fantasia-paco-de-lucia-guitar-tabs-flamenco-guitar\/\" \/>\n<meta property=\"og:site_name\" content=\"ZITAbS\" \/>\n<meta property=\"article:publisher\" content=\"https:\/\/www.facebook.com\/zitabs\" \/>\n<meta property=\"article:modified_time\" content=\"2020-04-30T04:49:50+00:00\" \/>\n<meta property=\"og:image\" content=\"https:\/\/zitabs.com.ar\/wp-content\/uploads\/2020\/04\/Paco-de-Lucia-Falseta-por-tangos-Tu-amor-para-mi-no-es-fantas\u00eda-Flamenco-Guitar-Tab-Transcription-TAB.png\" \/>\n\t<meta property=\"og:image:width\" content=\"700\" \/>\n\t<meta property=\"og:image:height\" content=\"990\" \/>\n\t<meta property=\"og:image:type\" content=\"image\/png\" \/>\n<meta name=\"twitter:card\" content=\"summary_large_image\" \/>\n<meta name=\"twitter:label1\" content=\"Est. reading time\" \/>\n\t<meta name=\"twitter:data1\" content=\"1 minute\" \/>\n<script type=\"application\/ld+json\" class=\"yoast-schema-graph\">{\"@context\":\"https:\/\/schema.org\",\"@graph\":[{\"@type\":\"WebPage\",\"@id\":\"https:\/\/zitabs.com.ar\/producto\/falseta-por-tangos-n2-tu-amor-para-mi-no-es-fantasia-paco-de-lucia-guitar-tabs-flamenco-guitar\/\",\"url\":\"https:\/\/zitabs.com.ar\/producto\/falseta-por-tangos-n2-tu-amor-para-mi-no-es-fantasia-paco-de-lucia-guitar-tabs-flamenco-guitar\/\",\"name\":\"Falseta por Tangos n\u00b02 \\\"Tu amor para m\u00ed no es fantas\u00eda\\\", Paco de Luc\u00eda (TAB + Audio) | ZITAbS |\",\"isPartOf\":{\"@id\":\"https:\/\/zitabs.com.ar\/#website\"},\"primaryImageOfPage\":{\"@id\":\"https:\/\/zitabs.com.ar\/producto\/falseta-por-tangos-n2-tu-amor-para-mi-no-es-fantasia-paco-de-lucia-guitar-tabs-flamenco-guitar\/#primaryimage\"},\"image\":{\"@id\":\"https:\/\/zitabs.com.ar\/producto\/falseta-por-tangos-n2-tu-amor-para-mi-no-es-fantasia-paco-de-lucia-guitar-tabs-flamenco-guitar\/#primaryimage\"},\"thumbnailUrl\":\"https:\/\/zitabs.com.ar\/wp-content\/uploads\/2020\/04\/Paco-de-Lucia-Falseta-por-tangos-Tu-amor-para-mi-no-es-fantas\u00eda-Flamenco-Guitar-Tab-Transcription-TAB.png\",\"datePublished\":\"2020-04-30T01:28:50+00:00\",\"dateModified\":\"2020-04-30T04:49:50+00:00\",\"description\":\"Falseta por tangos n\u00b02, Paco de Lucia, \\\"Tu amor para m\u00ed no es fantas\u00eda\\\". PDF: Tab + Audio. Flamenco guitar Tabs. Tablature. Tablaturas Paco de Luc\u00eda.\",\"breadcrumb\":{\"@id\":\"https:\/\/zitabs.com.ar\/producto\/falseta-por-tangos-n2-tu-amor-para-mi-no-es-fantasia-paco-de-lucia-guitar-tabs-flamenco-guitar\/#breadcrumb\"},\"inLanguage\":\"en-US\",\"potentialAction\":[{\"@type\":\"ReadAction\",\"target\":[\"https:\/\/zitabs.com.ar\/producto\/falseta-por-tangos-n2-tu-amor-para-mi-no-es-fantasia-paco-de-lucia-guitar-tabs-flamenco-guitar\/\"]}]},{\"@type\":\"ImageObject\",\"inLanguage\":\"en-US\",\"@id\":\"https:\/\/zitabs.com.ar\/producto\/falseta-por-tangos-n2-tu-amor-para-mi-no-es-fantasia-paco-de-lucia-guitar-tabs-flamenco-guitar\/#primaryimage\",\"url\":\"https:\/\/zitabs.com.ar\/wp-content\/uploads\/2020\/04\/Paco-de-Lucia-Falseta-por-tangos-Tu-amor-para-mi-no-es-fantas\u00eda-Flamenco-Guitar-Tab-Transcription-TAB.png\",\"contentUrl\":\"https:\/\/zitabs.com.ar\/wp-content\/uploads\/2020\/04\/Paco-de-Lucia-Falseta-por-tangos-Tu-amor-para-mi-no-es-fantas\u00eda-Flamenco-Guitar-Tab-Transcription-TAB.png\",\"width\":700,\"height\":990,\"caption\":\"Paco de Lucia - Falseta por tangos (Tu amor para mi no es fantas\u00eda) Flamenco Guitar Tab, Transcription, TAB\"},{\"@type\":\"BreadcrumbList\",\"@id\":\"https:\/\/zitabs.com.ar\/producto\/falseta-por-tangos-n2-tu-amor-para-mi-no-es-fantasia-paco-de-lucia-guitar-tabs-flamenco-guitar\/#breadcrumb\",\"itemListElement\":[{\"@type\":\"ListItem\",\"position\":1,\"name\":\"Inicio\",\"item\":\"https:\/\/zitabs.com.ar\/\"},{\"@type\":\"ListItem\",\"position\":2,\"name\":\"Tienda\",\"item\":\"https:\/\/zitabs.com.ar\/shop\/\"},{\"@type\":\"ListItem\",\"position\":3,\"name\":\"Falseta por Tangos n\u00b02 &#8220;Tu amor para m\u00ed no es fantas\u00eda&#8221;, Paco de Luc\u00eda (TAB + Audio)\"}]},{\"@type\":\"WebSite\",\"@id\":\"https:\/\/zitabs.com.ar\/#website\",\"url\":\"https:\/\/zitabs.com.ar\/\",\"name\":\"ZITAbS\",\"description\":\"Guitar Tabs &amp; Sheet Music\",\"publisher\":{\"@id\":\"https:\/\/zitabs.com.ar\/#organization\"},\"potentialAction\":[{\"@type\":\"SearchAction\",\"target\":{\"@type\":\"EntryPoint\",\"urlTemplate\":\"https:\/\/zitabs.com.ar\/?s={search_term_string}\"},\"query-input\":{\"@type\":\"PropertyValueSpecification\",\"valueRequired\":true,\"valueName\":\"search_term_string\"}}],\"inLanguage\":\"en-US\"},{\"@type\":\"Organization\",\"@id\":\"https:\/\/zitabs.com.ar\/#organization\",\"name\":\"Zitabs\",\"url\":\"https:\/\/zitabs.com.ar\/\",\"logo\":{\"@type\":\"ImageObject\",\"inLanguage\":\"en-US\",\"@id\":\"https:\/\/zitabs.com.ar\/#\/schema\/logo\/image\/\",\"url\":\"https:\/\/zitabs.com.ar\/wp-content\/uploads\/2019\/12\/logo_zitabs_100px.png\",\"contentUrl\":\"https:\/\/zitabs.com.ar\/wp-content\/uploads\/2019\/12\/logo_zitabs_100px.png\",\"width\":100,\"height\":66,\"caption\":\"Zitabs\"},\"image\":{\"@id\":\"https:\/\/zitabs.com.ar\/#\/schema\/logo\/image\/\"},\"sameAs\":[\"https:\/\/www.facebook.com\/zitabs\",\"https:\/\/www.youtube.com\/channel\/UCRl4-6m9-HO9Mgjb6-Dno3w\"]}]}<\/script>\n<!-- \/ Yoast SEO plugin. -->","yoast_head_json":{"title":"Falseta por Tangos n\u00b02 \"Tu amor para m\u00ed no es fantas\u00eda\", Paco de Luc\u00eda (TAB + Audio) | ZITAbS |","description":"Falseta por tangos n\u00b02, Paco de Lucia, \"Tu amor para m\u00ed no es fantas\u00eda\". PDF: Tab + Audio. Flamenco guitar Tabs. Tablature. Tablaturas Paco de Luc\u00eda.","robots":{"index":"index","follow":"follow","max-snippet":"max-snippet:-1","max-image-preview":"max-image-preview:large","max-video-preview":"max-video-preview:-1"},"canonical":"https:\/\/zitabs.com.ar\/en\/product\/falseta-por-tangos-n2-tu-amor-para-mi-no-es-fantasia-paco-de-lucia-guitar-tabs-flamenco-guitar\/","og_locale":"en_US","og_type":"article","og_title":"Falseta por Tangos n\u00b02 \"Tu amor para m\u00ed no es fantas\u00eda\", Paco de Luc\u00eda (TAB + Audio) | ZITAbS |","og_description":"Falseta por tangos n\u00b02, Paco de Lucia, \"Tu amor para m\u00ed no es fantas\u00eda\". PDF: Tab + Audio. Flamenco guitar Tabs. Tablature. Tablaturas Paco de Luc\u00eda.","og_url":"https:\/\/zitabs.com.ar\/en\/product\/falseta-por-tangos-n2-tu-amor-para-mi-no-es-fantasia-paco-de-lucia-guitar-tabs-flamenco-guitar\/","og_site_name":"ZITAbS","article_publisher":"https:\/\/www.facebook.com\/zitabs","article_modified_time":"2020-04-30T04:49:50+00:00","og_image":[{"width":700,"height":990,"url":"https:\/\/zitabs.com.ar\/wp-content\/uploads\/2020\/04\/Paco-de-Lucia-Falseta-por-tangos-Tu-amor-para-mi-no-es-fantas\u00eda-Flamenco-Guitar-Tab-Transcription-TAB.png","type":"image\/png"}],"twitter_card":"summary_large_image","twitter_misc":{"Est. reading time":"1 minute"},"schema":{"@context":"https:\/\/schema.org","@graph":[{"@type":"WebPage","@id":"https:\/\/zitabs.com.ar\/producto\/falseta-por-tangos-n2-tu-amor-para-mi-no-es-fantasia-paco-de-lucia-guitar-tabs-flamenco-guitar\/","url":"https:\/\/zitabs.com.ar\/producto\/falseta-por-tangos-n2-tu-amor-para-mi-no-es-fantasia-paco-de-lucia-guitar-tabs-flamenco-guitar\/","name":"Falseta por Tangos n\u00b02 \"Tu amor para m\u00ed no es fantas\u00eda\", Paco de Luc\u00eda (TAB + Audio) | ZITAbS |","isPartOf":{"@id":"https:\/\/zitabs.com.ar\/#website"},"primaryImageOfPage":{"@id":"https:\/\/zitabs.com.ar\/producto\/falseta-por-tangos-n2-tu-amor-para-mi-no-es-fantasia-paco-de-lucia-guitar-tabs-flamenco-guitar\/#primaryimage"},"image":{"@id":"https:\/\/zitabs.com.ar\/producto\/falseta-por-tangos-n2-tu-amor-para-mi-no-es-fantasia-paco-de-lucia-guitar-tabs-flamenco-guitar\/#primaryimage"},"thumbnailUrl":"https:\/\/zitabs.com.ar\/wp-content\/uploads\/2020\/04\/Paco-de-Lucia-Falseta-por-tangos-Tu-amor-para-mi-no-es-fantas\u00eda-Flamenco-Guitar-Tab-Transcription-TAB.png","datePublished":"2020-04-30T01:28:50+00:00","dateModified":"2020-04-30T04:49:50+00:00","description":"Falseta por tangos n\u00b02, Paco de Lucia, \"Tu amor para m\u00ed no es fantas\u00eda\". PDF: Tab + Audio. Flamenco guitar Tabs. Tablature. Tablaturas Paco de Luc\u00eda.","breadcrumb":{"@id":"https:\/\/zitabs.com.ar\/producto\/falseta-por-tangos-n2-tu-amor-para-mi-no-es-fantasia-paco-de-lucia-guitar-tabs-flamenco-guitar\/#breadcrumb"},"inLanguage":"en-US","potentialAction":[{"@type":"ReadAction","target":["https:\/\/zitabs.com.ar\/producto\/falseta-por-tangos-n2-tu-amor-para-mi-no-es-fantasia-paco-de-lucia-guitar-tabs-flamenco-guitar\/"]}]},{"@type":"ImageObject","inLanguage":"en-US","@id":"https:\/\/zitabs.com.ar\/producto\/falseta-por-tangos-n2-tu-amor-para-mi-no-es-fantasia-paco-de-lucia-guitar-tabs-flamenco-guitar\/#primaryimage","url":"https:\/\/zitabs.com.ar\/wp-content\/uploads\/2020\/04\/Paco-de-Lucia-Falseta-por-tangos-Tu-amor-para-mi-no-es-fantas\u00eda-Flamenco-Guitar-Tab-Transcription-TAB.png","contentUrl":"https:\/\/zitabs.com.ar\/wp-content\/uploads\/2020\/04\/Paco-de-Lucia-Falseta-por-tangos-Tu-amor-para-mi-no-es-fantas\u00eda-Flamenco-Guitar-Tab-Transcription-TAB.png","width":700,"height":990,"caption":"Paco de Lucia - Falseta por tangos (Tu amor para mi no es fantas\u00eda) Flamenco Guitar Tab, Transcription, TAB"},{"@type":"BreadcrumbList","@id":"https:\/\/zitabs.com.ar\/producto\/falseta-por-tangos-n2-tu-amor-para-mi-no-es-fantasia-paco-de-lucia-guitar-tabs-flamenco-guitar\/#breadcrumb","itemListElement":[{"@type":"ListItem","position":1,"name":"Inicio","item":"https:\/\/zitabs.com.ar\/"},{"@type":"ListItem","position":2,"name":"Tienda","item":"https:\/\/zitabs.com.ar\/shop\/"},{"@type":"ListItem","position":3,"name":"Falseta por Tangos n\u00b02 &#8220;Tu amor para m\u00ed no es fantas\u00eda&#8221;, Paco de Luc\u00eda (TAB + Audio)"}]},{"@type":"WebSite","@id":"https:\/\/zitabs.com.ar\/#website","url":"https:\/\/zitabs.com.ar\/","name":"ZITAbS","description":"Guitar Tabs &amp; Sheet Music","publisher":{"@id":"https:\/\/zitabs.com.ar\/#organization"},"potentialAction":[{"@type":"SearchAction","target":{"@type":"EntryPoint","urlTemplate":"https:\/\/zitabs.com.ar\/?s={search_term_string}"},"query-input":{"@type":"PropertyValueSpecification","valueRequired":true,"valueName":"search_term_string"}}],"inLanguage":"en-US"},{"@type":"Organization","@id":"https:\/\/zitabs.com.ar\/#organization","name":"Zitabs","url":"https:\/\/zitabs.com.ar\/","logo":{"@type":"ImageObject","inLanguage":"en-US","@id":"https:\/\/zitabs.com.ar\/#\/schema\/logo\/image\/","url":"https:\/\/zitabs.com.ar\/wp-content\/uploads\/2019\/12\/logo_zitabs_100px.png","contentUrl":"https:\/\/zitabs.com.ar\/wp-content\/uploads\/2019\/12\/logo_zitabs_100px.png","width":100,"height":66,"caption":"Zitabs"},"image":{"@id":"https:\/\/zitabs.com.ar\/#\/schema\/logo\/image\/"},"sameAs":["https:\/\/www.facebook.com\/zitabs","https:\/\/www.youtube.com\/channel\/UCRl4-6m9-HO9Mgjb6-Dno3w"]}]}},"_links":{"self":[{"href":"https:\/\/zitabs.com.ar\/en\/wp-json\/wp\/v2\/product\/18818","targetHints":{"allow":["GET"]}}],"collection":[{"href":"https:\/\/zitabs.com.ar\/en\/wp-json\/wp\/v2\/product"}],"about":[{"href":"https:\/\/zitabs.com.ar\/en\/wp-json\/wp\/v2\/types\/product"}],"replies":[{"embeddable":true,"href":"https:\/\/zitabs.com.ar\/en\/wp-json\/wp\/v2\/comments?post=18818"}],"wp:featuredmedia":[{"embeddable":true,"href":"https:\/\/zitabs.com.ar\/en\/wp-json\/wp\/v2\/media\/18820"}],"wp:attachment":[{"href":"https:\/\/zitabs.com.ar\/en\/wp-json\/wp\/v2\/media?parent=18818"}],"wp:term":[{"taxonomy":"product_brand","embeddable":true,"href":"https:\/\/zitabs.com.ar\/en\/wp-json\/wp\/v2\/product_brand?post=18818"},{"taxonomy":"product_cat","embeddable":true,"href":"https:\/\/zitabs.com.ar\/en\/wp-json\/wp\/v2\/product_cat?post=18818"},{"taxonomy":"product_tag","embeddable":true,"href":"https:\/\/zitabs.com.ar\/en\/wp-json\/wp\/v2\/product_tag?post=18818"}],"curies":[{"name":"wp","href":"https:\/\/api.w.org\/{rel}","templated":true}]}}