{"id":18985,"date":"2020-05-02T13:33:46","date_gmt":"2020-05-02T16:33:46","guid":{"rendered":"https:\/\/zitabs.com.ar\/?post_type=product&#038;p=18985"},"modified":"2022-05-04T14:40:58","modified_gmt":"2022-05-04T17:40:58","slug":"cordoba-solea-vicente-amigo-flamenco-guitar-tab","status":"publish","type":"product","link":"https:\/\/zitabs.com.ar\/en\/product\/cordoba-solea-vicente-amigo-flamenco-guitar-tab\/","title":{"rendered":"C\u00f3rdoba (Sole\u00e1), Vicente Amigo"},"content":{"rendered":"<p><iframe title=\"Vicente Amigo - C\u00f3rdoba (Sole\u00e1) Tablatura, Flamenco Guitar, Transcription,\" width=\"980\" height=\"551\" src=\"https:\/\/www.youtube.com\/embed\/viSOQBfeXC0?feature=oembed\" frameborder=\"0\" allow=\"accelerometer; autoplay; clipboard-write; encrypted-media; gyroscope; picture-in-picture\" allowfullscreen><\/iframe><\/p>\n<p>&#8220;C\u00f3rdoba&#8221; is a composition &#8220;por sole\u00e1&#8221; by Vicente Amigo for flamenco guitar album &#8220;Ciudad de las Ideas&#8221; (City of ideas), 2001.<br \/>\nHere the transcription and tablature completely fingered.<br \/>\n&#8211; &#8211; &#8211; &#8211; &#8211; &#8211; &#8211; &#8211; &#8211; &#8211; &#8211; &#8211; &#8211; &#8211; &#8211; &#8211; &#8211; &#8211; &#8211; &#8211; &#8211; &#8211; &#8211; &#8211; &#8211; &#8211; &#8211; &#8211; &#8211; &#8211; &#8211; &#8211; &#8211; &#8211; &#8211; &#8211; &#8211; &#8211; &#8211; &#8211; &#8211; &#8211; &#8211; &#8211; &#8211; &#8211;<br \/>\n&#8220;C\u00f3rdoba&#8221; es una composici\u00f3n &#8220;por sole\u00e1&#8221; de Vicente Amigo para disco de guitarra flamenca &#8220;Ciudad de las Ideas&#8221; (City of ideas), 2001.<br \/>\nAqu\u00ed la transcripci\u00f3n y tablatura completamente digitada.<br \/>\n&#8211; &#8211; &#8211; &#8211; &#8211; &#8211; &#8211; &#8211; &#8211; &#8211; &#8211; &#8211; &#8211; &#8211; &#8211; &#8211; &#8211; &#8211; &#8211; &#8211; &#8211; &#8211; &#8211; &#8211; &#8211; &#8211; &#8211; &#8211; &#8211; &#8211; &#8211; &#8211; &#8211; &#8211; &#8211; &#8211; &#8211; &#8211; &#8211; &#8211; &#8211; &#8211; &#8211; &#8211; &#8211; &#8211;<\/p>","protected":false},"excerpt":{"rendered":"<p>Guitar Tab<\/p>\n<p>Downloadable file \u2193<\/p>\n<p>Pdf format<\/p>\n<p>Pages: 26<\/p>\n<p>File size: 3.62mb<\/p>","protected":false},"featured_media":18987,"comment_status":"open","ping_status":"closed","template":"","meta":{"_monsterinsights_skip_tracking":false,"_monsterinsights_sitenote_active":false,"_monsterinsights_sitenote_note":"","_monsterinsights_sitenote_category":0},"product_brand":[],"product_cat":[54,57],"product_tag":[146],"class_list":{"0":"post-18985","1":"product","2":"type-product","3":"status-publish","4":"has-post-thumbnail","6":"product_cat-flamenco","7":"product_cat-nivel-avanzado","8":"product_tag-digitado","10":"first","11":"instock","12":"downloadable","13":"virtual","14":"purchasable","15":"product-type-simple"},"yoast_head":"<!-- This site is optimized with the Yoast SEO plugin v26.5 - https:\/\/yoast.com\/wordpress\/plugins\/seo\/ -->\n<title>C\u00f3rdoba (Sole\u00e1), Vicente Amigo | ZITAbS<\/title>\n<meta name=\"description\" content=\"(Flamenco Guitar Tab) Vicente Amigo - C\u00f3rdoba (Sole\u00e1). Tablatura para guitarra. PDF. N\u00b0 pag: 26. 3,62 MB. Transcription. from album &quot;Ciudad de las Ideas&quot;\" \/>\n<meta name=\"robots\" content=\"index, follow, max-snippet:-1, max-image-preview:large, max-video-preview:-1\" \/>\n<link rel=\"canonical\" href=\"https:\/\/zitabs.com.ar\/en\/product\/cordoba-solea-vicente-amigo-flamenco-guitar-tab\/\" \/>\n<meta property=\"og:locale\" content=\"en_US\" \/>\n<meta property=\"og:type\" content=\"article\" \/>\n<meta property=\"og:title\" content=\"C\u00f3rdoba (Sole\u00e1), Vicente Amigo | ZITAbS\" \/>\n<meta property=\"og:description\" content=\"(Flamenco Guitar Tab) Vicente Amigo - C\u00f3rdoba (Sole\u00e1). Tablatura para guitarra. PDF. N\u00b0 pag: 26. 3,62 MB. Transcription. from album &quot;Ciudad de las Ideas&quot;\" \/>\n<meta property=\"og:url\" content=\"https:\/\/zitabs.com.ar\/en\/product\/cordoba-solea-vicente-amigo-flamenco-guitar-tab\/\" \/>\n<meta property=\"og:site_name\" content=\"ZITAbS\" \/>\n<meta property=\"article:publisher\" content=\"https:\/\/www.facebook.com\/zitabs\" \/>\n<meta property=\"article:modified_time\" content=\"2022-05-04T17:40:58+00:00\" \/>\n<meta property=\"og:image\" content=\"https:\/\/zitabs.com.ar\/wp-content\/uploads\/2020\/05\/Vicente-Amigo-C\u00f3rdoba-Sole\u00e1-Tablatura-Flamenco-Guitar-Tabs-Tablature-Transcription-PORTADA-S.png\" \/>\n\t<meta property=\"og:image:width\" content=\"720\" \/>\n\t<meta property=\"og:image:height\" content=\"1018\" \/>\n\t<meta property=\"og:image:type\" content=\"image\/png\" \/>\n<meta name=\"twitter:card\" content=\"summary_large_image\" \/>\n<meta name=\"twitter:label1\" content=\"Est. reading time\" \/>\n\t<meta name=\"twitter:data1\" content=\"1 minute\" \/>\n<script type=\"application\/ld+json\" class=\"yoast-schema-graph\">{\"@context\":\"https:\/\/schema.org\",\"@graph\":[{\"@type\":\"WebPage\",\"@id\":\"https:\/\/zitabs.com.ar\/en\/product\/cordoba-solea-vicente-amigo-flamenco-guitar-tab\/\",\"url\":\"https:\/\/zitabs.com.ar\/en\/product\/cordoba-solea-vicente-amigo-flamenco-guitar-tab\/\",\"name\":\"C\u00f3rdoba (Sole\u00e1), Vicente Amigo | ZITAbS\",\"isPartOf\":{\"@id\":\"https:\/\/zitabs.com.ar\/#website\"},\"primaryImageOfPage\":{\"@id\":\"https:\/\/zitabs.com.ar\/en\/product\/cordoba-solea-vicente-amigo-flamenco-guitar-tab\/#primaryimage\"},\"image\":{\"@id\":\"https:\/\/zitabs.com.ar\/en\/product\/cordoba-solea-vicente-amigo-flamenco-guitar-tab\/#primaryimage\"},\"thumbnailUrl\":\"https:\/\/zitabs.com.ar\/wp-content\/uploads\/2020\/05\/Vicente-Amigo-C\u00f3rdoba-Sole\u00e1-Tablatura-Flamenco-Guitar-Tabs-Tablature-Transcription-PORTADA-S.png\",\"datePublished\":\"2020-05-02T16:33:46+00:00\",\"dateModified\":\"2022-05-04T17:40:58+00:00\",\"description\":\"(Flamenco Guitar Tab) Vicente Amigo - C\u00f3rdoba (Sole\u00e1). Tablatura para guitarra. PDF. N\u00b0 pag: 26. 3,62 MB. Transcription. from album \\\"Ciudad de las Ideas\\\"\",\"breadcrumb\":{\"@id\":\"https:\/\/zitabs.com.ar\/en\/product\/cordoba-solea-vicente-amigo-flamenco-guitar-tab\/#breadcrumb\"},\"inLanguage\":\"en-US\",\"potentialAction\":[{\"@type\":\"ReadAction\",\"target\":[\"https:\/\/zitabs.com.ar\/en\/product\/cordoba-solea-vicente-amigo-flamenco-guitar-tab\/\"]}]},{\"@type\":\"ImageObject\",\"inLanguage\":\"en-US\",\"@id\":\"https:\/\/zitabs.com.ar\/en\/product\/cordoba-solea-vicente-amigo-flamenco-guitar-tab\/#primaryimage\",\"url\":\"https:\/\/zitabs.com.ar\/wp-content\/uploads\/2020\/05\/Vicente-Amigo-C\u00f3rdoba-Sole\u00e1-Tablatura-Flamenco-Guitar-Tabs-Tablature-Transcription-PORTADA-S.png\",\"contentUrl\":\"https:\/\/zitabs.com.ar\/wp-content\/uploads\/2020\/05\/Vicente-Amigo-C\u00f3rdoba-Sole\u00e1-Tablatura-Flamenco-Guitar-Tabs-Tablature-Transcription-PORTADA-S.png\",\"width\":720,\"height\":1018,\"caption\":\"Vicente Amigo - C\u00f3rdoba (Sole\u00e1) Tablatura, Flamenco Guitar Tabs, Tablature, Transcription PORTADA\"},{\"@type\":\"BreadcrumbList\",\"@id\":\"https:\/\/zitabs.com.ar\/en\/product\/cordoba-solea-vicente-amigo-flamenco-guitar-tab\/#breadcrumb\",\"itemListElement\":[{\"@type\":\"ListItem\",\"position\":1,\"name\":\"Inicio\",\"item\":\"https:\/\/zitabs.com.ar\/\"},{\"@type\":\"ListItem\",\"position\":2,\"name\":\"Tienda\",\"item\":\"https:\/\/zitabs.com.ar\/shop\/\"},{\"@type\":\"ListItem\",\"position\":3,\"name\":\"C\u00f3rdoba (Sole\u00e1), Vicente Amigo\"}]},{\"@type\":\"WebSite\",\"@id\":\"https:\/\/zitabs.com.ar\/#website\",\"url\":\"https:\/\/zitabs.com.ar\/\",\"name\":\"ZITAbS\",\"description\":\"Guitar Tabs &amp; Sheet Music\",\"publisher\":{\"@id\":\"https:\/\/zitabs.com.ar\/#organization\"},\"potentialAction\":[{\"@type\":\"SearchAction\",\"target\":{\"@type\":\"EntryPoint\",\"urlTemplate\":\"https:\/\/zitabs.com.ar\/?s={search_term_string}\"},\"query-input\":{\"@type\":\"PropertyValueSpecification\",\"valueRequired\":true,\"valueName\":\"search_term_string\"}}],\"inLanguage\":\"en-US\"},{\"@type\":\"Organization\",\"@id\":\"https:\/\/zitabs.com.ar\/#organization\",\"name\":\"Zitabs\",\"url\":\"https:\/\/zitabs.com.ar\/\",\"logo\":{\"@type\":\"ImageObject\",\"inLanguage\":\"en-US\",\"@id\":\"https:\/\/zitabs.com.ar\/#\/schema\/logo\/image\/\",\"url\":\"https:\/\/zitabs.com.ar\/wp-content\/uploads\/2019\/12\/logo_zitabs_100px.png\",\"contentUrl\":\"https:\/\/zitabs.com.ar\/wp-content\/uploads\/2019\/12\/logo_zitabs_100px.png\",\"width\":100,\"height\":66,\"caption\":\"Zitabs\"},\"image\":{\"@id\":\"https:\/\/zitabs.com.ar\/#\/schema\/logo\/image\/\"},\"sameAs\":[\"https:\/\/www.facebook.com\/zitabs\",\"https:\/\/www.youtube.com\/channel\/UCRl4-6m9-HO9Mgjb6-Dno3w\"]}]}<\/script>\n<!-- \/ Yoast SEO plugin. -->","yoast_head_json":{"title":"C\u00f3rdoba (Sole\u00e1), Vicente Amigo | ZITAbS","description":"(Flamenco Guitar Tab) Vicente Amigo - C\u00f3rdoba (Sole\u00e1). Tablatura para guitarra. PDF. N\u00b0 pag: 26. 3,62 MB. Transcription. from album \"Ciudad de las Ideas\"","robots":{"index":"index","follow":"follow","max-snippet":"max-snippet:-1","max-image-preview":"max-image-preview:large","max-video-preview":"max-video-preview:-1"},"canonical":"https:\/\/zitabs.com.ar\/en\/product\/cordoba-solea-vicente-amigo-flamenco-guitar-tab\/","og_locale":"en_US","og_type":"article","og_title":"C\u00f3rdoba (Sole\u00e1), Vicente Amigo | ZITAbS","og_description":"(Flamenco Guitar Tab) Vicente Amigo - C\u00f3rdoba (Sole\u00e1). Tablatura para guitarra. PDF. N\u00b0 pag: 26. 3,62 MB. Transcription. from album \"Ciudad de las Ideas\"","og_url":"https:\/\/zitabs.com.ar\/en\/product\/cordoba-solea-vicente-amigo-flamenco-guitar-tab\/","og_site_name":"ZITAbS","article_publisher":"https:\/\/www.facebook.com\/zitabs","article_modified_time":"2022-05-04T17:40:58+00:00","og_image":[{"width":720,"height":1018,"url":"https:\/\/zitabs.com.ar\/wp-content\/uploads\/2020\/05\/Vicente-Amigo-C\u00f3rdoba-Sole\u00e1-Tablatura-Flamenco-Guitar-Tabs-Tablature-Transcription-PORTADA-S.png","type":"image\/png"}],"twitter_card":"summary_large_image","twitter_misc":{"Est. reading time":"1 minute"},"schema":{"@context":"https:\/\/schema.org","@graph":[{"@type":"WebPage","@id":"https:\/\/zitabs.com.ar\/en\/product\/cordoba-solea-vicente-amigo-flamenco-guitar-tab\/","url":"https:\/\/zitabs.com.ar\/en\/product\/cordoba-solea-vicente-amigo-flamenco-guitar-tab\/","name":"C\u00f3rdoba (Sole\u00e1), Vicente Amigo | ZITAbS","isPartOf":{"@id":"https:\/\/zitabs.com.ar\/#website"},"primaryImageOfPage":{"@id":"https:\/\/zitabs.com.ar\/en\/product\/cordoba-solea-vicente-amigo-flamenco-guitar-tab\/#primaryimage"},"image":{"@id":"https:\/\/zitabs.com.ar\/en\/product\/cordoba-solea-vicente-amigo-flamenco-guitar-tab\/#primaryimage"},"thumbnailUrl":"https:\/\/zitabs.com.ar\/wp-content\/uploads\/2020\/05\/Vicente-Amigo-C\u00f3rdoba-Sole\u00e1-Tablatura-Flamenco-Guitar-Tabs-Tablature-Transcription-PORTADA-S.png","datePublished":"2020-05-02T16:33:46+00:00","dateModified":"2022-05-04T17:40:58+00:00","description":"(Flamenco Guitar Tab) Vicente Amigo - C\u00f3rdoba (Sole\u00e1). Tablatura para guitarra. PDF. N\u00b0 pag: 26. 3,62 MB. Transcription. from album \"Ciudad de las Ideas\"","breadcrumb":{"@id":"https:\/\/zitabs.com.ar\/en\/product\/cordoba-solea-vicente-amigo-flamenco-guitar-tab\/#breadcrumb"},"inLanguage":"en-US","potentialAction":[{"@type":"ReadAction","target":["https:\/\/zitabs.com.ar\/en\/product\/cordoba-solea-vicente-amigo-flamenco-guitar-tab\/"]}]},{"@type":"ImageObject","inLanguage":"en-US","@id":"https:\/\/zitabs.com.ar\/en\/product\/cordoba-solea-vicente-amigo-flamenco-guitar-tab\/#primaryimage","url":"https:\/\/zitabs.com.ar\/wp-content\/uploads\/2020\/05\/Vicente-Amigo-C\u00f3rdoba-Sole\u00e1-Tablatura-Flamenco-Guitar-Tabs-Tablature-Transcription-PORTADA-S.png","contentUrl":"https:\/\/zitabs.com.ar\/wp-content\/uploads\/2020\/05\/Vicente-Amigo-C\u00f3rdoba-Sole\u00e1-Tablatura-Flamenco-Guitar-Tabs-Tablature-Transcription-PORTADA-S.png","width":720,"height":1018,"caption":"Vicente Amigo - C\u00f3rdoba (Sole\u00e1) Tablatura, Flamenco Guitar Tabs, Tablature, Transcription PORTADA"},{"@type":"BreadcrumbList","@id":"https:\/\/zitabs.com.ar\/en\/product\/cordoba-solea-vicente-amigo-flamenco-guitar-tab\/#breadcrumb","itemListElement":[{"@type":"ListItem","position":1,"name":"Inicio","item":"https:\/\/zitabs.com.ar\/"},{"@type":"ListItem","position":2,"name":"Tienda","item":"https:\/\/zitabs.com.ar\/shop\/"},{"@type":"ListItem","position":3,"name":"C\u00f3rdoba (Sole\u00e1), Vicente Amigo"}]},{"@type":"WebSite","@id":"https:\/\/zitabs.com.ar\/#website","url":"https:\/\/zitabs.com.ar\/","name":"ZITAbS","description":"Guitar Tabs &amp; Sheet Music","publisher":{"@id":"https:\/\/zitabs.com.ar\/#organization"},"potentialAction":[{"@type":"SearchAction","target":{"@type":"EntryPoint","urlTemplate":"https:\/\/zitabs.com.ar\/?s={search_term_string}"},"query-input":{"@type":"PropertyValueSpecification","valueRequired":true,"valueName":"search_term_string"}}],"inLanguage":"en-US"},{"@type":"Organization","@id":"https:\/\/zitabs.com.ar\/#organization","name":"Zitabs","url":"https:\/\/zitabs.com.ar\/","logo":{"@type":"ImageObject","inLanguage":"en-US","@id":"https:\/\/zitabs.com.ar\/#\/schema\/logo\/image\/","url":"https:\/\/zitabs.com.ar\/wp-content\/uploads\/2019\/12\/logo_zitabs_100px.png","contentUrl":"https:\/\/zitabs.com.ar\/wp-content\/uploads\/2019\/12\/logo_zitabs_100px.png","width":100,"height":66,"caption":"Zitabs"},"image":{"@id":"https:\/\/zitabs.com.ar\/#\/schema\/logo\/image\/"},"sameAs":["https:\/\/www.facebook.com\/zitabs","https:\/\/www.youtube.com\/channel\/UCRl4-6m9-HO9Mgjb6-Dno3w"]}]}},"_links":{"self":[{"href":"https:\/\/zitabs.com.ar\/en\/wp-json\/wp\/v2\/product\/18985","targetHints":{"allow":["GET"]}}],"collection":[{"href":"https:\/\/zitabs.com.ar\/en\/wp-json\/wp\/v2\/product"}],"about":[{"href":"https:\/\/zitabs.com.ar\/en\/wp-json\/wp\/v2\/types\/product"}],"replies":[{"embeddable":true,"href":"https:\/\/zitabs.com.ar\/en\/wp-json\/wp\/v2\/comments?post=18985"}],"wp:featuredmedia":[{"embeddable":true,"href":"https:\/\/zitabs.com.ar\/en\/wp-json\/wp\/v2\/media\/18987"}],"wp:attachment":[{"href":"https:\/\/zitabs.com.ar\/en\/wp-json\/wp\/v2\/media?parent=18985"}],"wp:term":[{"taxonomy":"product_brand","embeddable":true,"href":"https:\/\/zitabs.com.ar\/en\/wp-json\/wp\/v2\/product_brand?post=18985"},{"taxonomy":"product_cat","embeddable":true,"href":"https:\/\/zitabs.com.ar\/en\/wp-json\/wp\/v2\/product_cat?post=18985"},{"taxonomy":"product_tag","embeddable":true,"href":"https:\/\/zitabs.com.ar\/en\/wp-json\/wp\/v2\/product_tag?post=18985"}],"curies":[{"name":"wp","href":"https:\/\/api.w.org\/{rel}","templated":true}]}}