{"id":19262,"date":"2020-05-03T22:41:04","date_gmt":"2020-05-04T01:41:04","guid":{"rendered":"https:\/\/zitabs.com.ar\/?post_type=product&#038;p=19262"},"modified":"2022-05-04T14:40:34","modified_gmt":"2022-05-04T17:40:34","slug":"ejercicio-para-pulgar-alzapua-tradicional-gerardo-nunez","status":"publish","type":"product","link":"https:\/\/zitabs.com.ar\/en\/product\/ejercicio-para-pulgar-alzapua-tradicional-gerardo-nunez\/","title":{"rendered":"Thumb exercise (traditional alzap\u00faa), Gerardo Nu\u00f1ez"},"content":{"rendered":"<p><iframe title=\"Gerardo Nu\u00f1ez - Ejercicio para pulgar \/ Thumb exercise (Alzap\u00faa tradicional) TAB, Flamenco Guitar\" width=\"980\" height=\"551\" src=\"https:\/\/www.youtube.com\/embed\/c6Yo2VEzooM?feature=oembed\" frameborder=\"0\" allow=\"accelerometer; autoplay; clipboard-write; encrypted-media; gyroscope; picture-in-picture\" allowfullscreen><\/iframe><\/p>\n<p>Flamenco guitarist Gerardo Nu\u00f1ez has composed an interesting Thumb Exercise on a flamenco guitar technique called Alzap\u00faa.<br \/>\nHere the tablature completely fingered for both hands<br \/>\n&#8211; &#8211; &#8211; &#8211; &#8211; &#8211; &#8211; &#8211; &#8211; &#8211; &#8211; &#8211; &#8211; &#8211; &#8211; &#8211; &#8211; &#8211; &#8211; &#8211; &#8211; &#8211; &#8211; &#8211; &#8211; &#8211; &#8211; &#8211; &#8211; &#8211; &#8211; &#8211; &#8211; &#8211; &#8211; &#8211; &#8211; &#8211; &#8211; &#8211; &#8211; &#8211; &#8211; &#8211; &#8211; &#8211;<br \/>\nEl guitarrista flamenco Gerardo Nu\u00f1ez ha compuesto un interesante Ejercicio para pulgar sobre una t\u00e9cnica para guitarra flamenca llamada Alzap\u00faa.<br \/>\nAqu\u00ed la tablatura completamente digitada para ambas manos<br \/>\n&#8211; &#8211; &#8211; &#8211; &#8211; &#8211; &#8211; &#8211; &#8211; &#8211; &#8211; &#8211; &#8211; &#8211; &#8211; &#8211; &#8211; &#8211; &#8211; &#8211; &#8211; &#8211; &#8211; &#8211; &#8211; &#8211; &#8211; &#8211; &#8211; &#8211; &#8211; &#8211; &#8211; &#8211; &#8211; &#8211; &#8211; &#8211; &#8211; &#8211; &#8211; &#8211; &#8211; &#8211; &#8211; &#8211;<\/p>","protected":false},"excerpt":{"rendered":"<p>Guitar Tab<\/p>\n<p>Downloadable file<\/p>\n<p>Pdf format<\/p>\n<p>Pages: 6<\/p>\n<p>File size: 0.98mb<\/p>","protected":false},"featured_media":19264,"comment_status":"open","ping_status":"closed","template":"","meta":{"_monsterinsights_skip_tracking":false,"_monsterinsights_sitenote_active":false,"_monsterinsights_sitenote_note":"","_monsterinsights_sitenote_category":0},"product_brand":[],"product_cat":[54,56],"product_tag":[146,148],"class_list":{"0":"post-19262","1":"product","2":"type-product","3":"status-publish","4":"has-post-thumbnail","6":"product_cat-flamenco","7":"product_cat-nivel-intermedio","8":"product_tag-digitado","9":"product_tag-estudios","11":"first","12":"instock","13":"downloadable","14":"virtual","15":"purchasable","16":"product-type-simple"},"yoast_head":"<!-- This site is optimized with the Yoast SEO plugin v26.5 - https:\/\/yoast.com\/wordpress\/plugins\/seo\/ -->\n<title>Ejercicio para pulgar (Alzap\u00faa tradicional), Gerardo Nu\u00f1ez | ZITAbS<\/title>\n<meta name=\"description\" content=\"Gerardo Nu\u00f1ez - Ejercicio para pulgar \/ Thumb exercise (Alzap\u00faa tradicional) Flamenco guitar. PDF free. N\u00b0 PAG: 6. Size: 0.98 MB. Gerardo Nu\u00f1ez Tabs\" \/>\n<meta name=\"robots\" content=\"index, follow, max-snippet:-1, max-image-preview:large, max-video-preview:-1\" \/>\n<link rel=\"canonical\" href=\"https:\/\/zitabs.com.ar\/en\/product\/ejercicio-para-pulgar-alzapua-tradicional-gerardo-nunez\/\" \/>\n<meta property=\"og:locale\" content=\"en_US\" \/>\n<meta property=\"og:type\" content=\"article\" \/>\n<meta property=\"og:title\" content=\"Ejercicio para pulgar (Alzap\u00faa tradicional), Gerardo Nu\u00f1ez | ZITAbS\" \/>\n<meta property=\"og:description\" content=\"Gerardo Nu\u00f1ez - Ejercicio para pulgar \/ Thumb exercise (Alzap\u00faa tradicional) Flamenco guitar. PDF free. N\u00b0 PAG: 6. Size: 0.98 MB. Gerardo Nu\u00f1ez Tabs\" \/>\n<meta property=\"og:url\" content=\"https:\/\/zitabs.com.ar\/en\/product\/ejercicio-para-pulgar-alzapua-tradicional-gerardo-nunez\/\" \/>\n<meta property=\"og:site_name\" content=\"ZITAbS\" \/>\n<meta property=\"article:publisher\" content=\"https:\/\/www.facebook.com\/zitabs\" \/>\n<meta property=\"article:modified_time\" content=\"2022-05-04T17:40:34+00:00\" \/>\n<meta property=\"og:image\" content=\"https:\/\/zitabs.com.ar\/wp-content\/uploads\/2020\/05\/Gerardo-Nu\u00f1ez-Ejercicio-para-pulgar-Alzap\u00faa-tradicional-Flamenco-guitar-flamenco-tabs.png\" \/>\n\t<meta property=\"og:image:width\" content=\"700\" \/>\n\t<meta property=\"og:image:height\" content=\"990\" \/>\n\t<meta property=\"og:image:type\" content=\"image\/png\" \/>\n<meta name=\"twitter:card\" content=\"summary_large_image\" \/>\n<meta name=\"twitter:label1\" content=\"Est. reading time\" \/>\n\t<meta name=\"twitter:data1\" content=\"1 minute\" \/>\n<script type=\"application\/ld+json\" class=\"yoast-schema-graph\">{\"@context\":\"https:\/\/schema.org\",\"@graph\":[{\"@type\":\"WebPage\",\"@id\":\"https:\/\/zitabs.com.ar\/en\/product\/ejercicio-para-pulgar-alzapua-tradicional-gerardo-nunez\/\",\"url\":\"https:\/\/zitabs.com.ar\/en\/product\/ejercicio-para-pulgar-alzapua-tradicional-gerardo-nunez\/\",\"name\":\"Ejercicio para pulgar (Alzap\u00faa tradicional), Gerardo Nu\u00f1ez | ZITAbS\",\"isPartOf\":{\"@id\":\"https:\/\/zitabs.com.ar\/#website\"},\"primaryImageOfPage\":{\"@id\":\"https:\/\/zitabs.com.ar\/en\/product\/ejercicio-para-pulgar-alzapua-tradicional-gerardo-nunez\/#primaryimage\"},\"image\":{\"@id\":\"https:\/\/zitabs.com.ar\/en\/product\/ejercicio-para-pulgar-alzapua-tradicional-gerardo-nunez\/#primaryimage\"},\"thumbnailUrl\":\"https:\/\/zitabs.com.ar\/wp-content\/uploads\/2020\/05\/Gerardo-Nu\u00f1ez-Ejercicio-para-pulgar-Alzap\u00faa-tradicional-Flamenco-guitar-flamenco-tabs.png\",\"datePublished\":\"2020-05-04T01:41:04+00:00\",\"dateModified\":\"2022-05-04T17:40:34+00:00\",\"description\":\"Gerardo Nu\u00f1ez - Ejercicio para pulgar \/ Thumb exercise (Alzap\u00faa tradicional) Flamenco guitar. PDF free. N\u00b0 PAG: 6. Size: 0.98 MB. Gerardo Nu\u00f1ez Tabs\",\"breadcrumb\":{\"@id\":\"https:\/\/zitabs.com.ar\/en\/product\/ejercicio-para-pulgar-alzapua-tradicional-gerardo-nunez\/#breadcrumb\"},\"inLanguage\":\"en-US\",\"potentialAction\":[{\"@type\":\"ReadAction\",\"target\":[\"https:\/\/zitabs.com.ar\/en\/product\/ejercicio-para-pulgar-alzapua-tradicional-gerardo-nunez\/\"]}]},{\"@type\":\"ImageObject\",\"inLanguage\":\"en-US\",\"@id\":\"https:\/\/zitabs.com.ar\/en\/product\/ejercicio-para-pulgar-alzapua-tradicional-gerardo-nunez\/#primaryimage\",\"url\":\"https:\/\/zitabs.com.ar\/wp-content\/uploads\/2020\/05\/Gerardo-Nu\u00f1ez-Ejercicio-para-pulgar-Alzap\u00faa-tradicional-Flamenco-guitar-flamenco-tabs.png\",\"contentUrl\":\"https:\/\/zitabs.com.ar\/wp-content\/uploads\/2020\/05\/Gerardo-Nu\u00f1ez-Ejercicio-para-pulgar-Alzap\u00faa-tradicional-Flamenco-guitar-flamenco-tabs.png\",\"width\":700,\"height\":990,\"caption\":\"Gerardo Nu\u00f1ez - Ejercicio para pulgar (Alzap\u00faa tradicional) Flamenco guitar, flamenco tabs\"},{\"@type\":\"BreadcrumbList\",\"@id\":\"https:\/\/zitabs.com.ar\/en\/product\/ejercicio-para-pulgar-alzapua-tradicional-gerardo-nunez\/#breadcrumb\",\"itemListElement\":[{\"@type\":\"ListItem\",\"position\":1,\"name\":\"Inicio\",\"item\":\"https:\/\/zitabs.com.ar\/\"},{\"@type\":\"ListItem\",\"position\":2,\"name\":\"Tienda\",\"item\":\"https:\/\/zitabs.com.ar\/shop\/\"},{\"@type\":\"ListItem\",\"position\":3,\"name\":\"Ejercicio para pulgar (Alzap\u00faa tradicional), Gerardo Nu\u00f1ez\"}]},{\"@type\":\"WebSite\",\"@id\":\"https:\/\/zitabs.com.ar\/#website\",\"url\":\"https:\/\/zitabs.com.ar\/\",\"name\":\"ZITAbS\",\"description\":\"Guitar Tabs &amp; Sheet Music\",\"publisher\":{\"@id\":\"https:\/\/zitabs.com.ar\/#organization\"},\"potentialAction\":[{\"@type\":\"SearchAction\",\"target\":{\"@type\":\"EntryPoint\",\"urlTemplate\":\"https:\/\/zitabs.com.ar\/?s={search_term_string}\"},\"query-input\":{\"@type\":\"PropertyValueSpecification\",\"valueRequired\":true,\"valueName\":\"search_term_string\"}}],\"inLanguage\":\"en-US\"},{\"@type\":\"Organization\",\"@id\":\"https:\/\/zitabs.com.ar\/#organization\",\"name\":\"Zitabs\",\"url\":\"https:\/\/zitabs.com.ar\/\",\"logo\":{\"@type\":\"ImageObject\",\"inLanguage\":\"en-US\",\"@id\":\"https:\/\/zitabs.com.ar\/#\/schema\/logo\/image\/\",\"url\":\"https:\/\/zitabs.com.ar\/wp-content\/uploads\/2019\/12\/logo_zitabs_100px.png\",\"contentUrl\":\"https:\/\/zitabs.com.ar\/wp-content\/uploads\/2019\/12\/logo_zitabs_100px.png\",\"width\":100,\"height\":66,\"caption\":\"Zitabs\"},\"image\":{\"@id\":\"https:\/\/zitabs.com.ar\/#\/schema\/logo\/image\/\"},\"sameAs\":[\"https:\/\/www.facebook.com\/zitabs\",\"https:\/\/www.youtube.com\/channel\/UCRl4-6m9-HO9Mgjb6-Dno3w\"]}]}<\/script>\n<!-- \/ Yoast SEO plugin. -->","yoast_head_json":{"title":"Ejercicio para pulgar (Alzap\u00faa tradicional), Gerardo Nu\u00f1ez | ZITAbS","description":"Gerardo Nu\u00f1ez - Ejercicio para pulgar \/ Thumb exercise (Alzap\u00faa tradicional) Flamenco guitar. PDF free. N\u00b0 PAG: 6. Size: 0.98 MB. Gerardo Nu\u00f1ez Tabs","robots":{"index":"index","follow":"follow","max-snippet":"max-snippet:-1","max-image-preview":"max-image-preview:large","max-video-preview":"max-video-preview:-1"},"canonical":"https:\/\/zitabs.com.ar\/en\/product\/ejercicio-para-pulgar-alzapua-tradicional-gerardo-nunez\/","og_locale":"en_US","og_type":"article","og_title":"Ejercicio para pulgar (Alzap\u00faa tradicional), Gerardo Nu\u00f1ez | ZITAbS","og_description":"Gerardo Nu\u00f1ez - Ejercicio para pulgar \/ Thumb exercise (Alzap\u00faa tradicional) Flamenco guitar. PDF free. N\u00b0 PAG: 6. Size: 0.98 MB. Gerardo Nu\u00f1ez Tabs","og_url":"https:\/\/zitabs.com.ar\/en\/product\/ejercicio-para-pulgar-alzapua-tradicional-gerardo-nunez\/","og_site_name":"ZITAbS","article_publisher":"https:\/\/www.facebook.com\/zitabs","article_modified_time":"2022-05-04T17:40:34+00:00","og_image":[{"width":700,"height":990,"url":"https:\/\/zitabs.com.ar\/wp-content\/uploads\/2020\/05\/Gerardo-Nu\u00f1ez-Ejercicio-para-pulgar-Alzap\u00faa-tradicional-Flamenco-guitar-flamenco-tabs.png","type":"image\/png"}],"twitter_card":"summary_large_image","twitter_misc":{"Est. reading time":"1 minute"},"schema":{"@context":"https:\/\/schema.org","@graph":[{"@type":"WebPage","@id":"https:\/\/zitabs.com.ar\/en\/product\/ejercicio-para-pulgar-alzapua-tradicional-gerardo-nunez\/","url":"https:\/\/zitabs.com.ar\/en\/product\/ejercicio-para-pulgar-alzapua-tradicional-gerardo-nunez\/","name":"Ejercicio para pulgar (Alzap\u00faa tradicional), Gerardo Nu\u00f1ez | ZITAbS","isPartOf":{"@id":"https:\/\/zitabs.com.ar\/#website"},"primaryImageOfPage":{"@id":"https:\/\/zitabs.com.ar\/en\/product\/ejercicio-para-pulgar-alzapua-tradicional-gerardo-nunez\/#primaryimage"},"image":{"@id":"https:\/\/zitabs.com.ar\/en\/product\/ejercicio-para-pulgar-alzapua-tradicional-gerardo-nunez\/#primaryimage"},"thumbnailUrl":"https:\/\/zitabs.com.ar\/wp-content\/uploads\/2020\/05\/Gerardo-Nu\u00f1ez-Ejercicio-para-pulgar-Alzap\u00faa-tradicional-Flamenco-guitar-flamenco-tabs.png","datePublished":"2020-05-04T01:41:04+00:00","dateModified":"2022-05-04T17:40:34+00:00","description":"Gerardo Nu\u00f1ez - Ejercicio para pulgar \/ Thumb exercise (Alzap\u00faa tradicional) Flamenco guitar. PDF free. N\u00b0 PAG: 6. Size: 0.98 MB. Gerardo Nu\u00f1ez Tabs","breadcrumb":{"@id":"https:\/\/zitabs.com.ar\/en\/product\/ejercicio-para-pulgar-alzapua-tradicional-gerardo-nunez\/#breadcrumb"},"inLanguage":"en-US","potentialAction":[{"@type":"ReadAction","target":["https:\/\/zitabs.com.ar\/en\/product\/ejercicio-para-pulgar-alzapua-tradicional-gerardo-nunez\/"]}]},{"@type":"ImageObject","inLanguage":"en-US","@id":"https:\/\/zitabs.com.ar\/en\/product\/ejercicio-para-pulgar-alzapua-tradicional-gerardo-nunez\/#primaryimage","url":"https:\/\/zitabs.com.ar\/wp-content\/uploads\/2020\/05\/Gerardo-Nu\u00f1ez-Ejercicio-para-pulgar-Alzap\u00faa-tradicional-Flamenco-guitar-flamenco-tabs.png","contentUrl":"https:\/\/zitabs.com.ar\/wp-content\/uploads\/2020\/05\/Gerardo-Nu\u00f1ez-Ejercicio-para-pulgar-Alzap\u00faa-tradicional-Flamenco-guitar-flamenco-tabs.png","width":700,"height":990,"caption":"Gerardo Nu\u00f1ez - Ejercicio para pulgar (Alzap\u00faa tradicional) Flamenco guitar, flamenco tabs"},{"@type":"BreadcrumbList","@id":"https:\/\/zitabs.com.ar\/en\/product\/ejercicio-para-pulgar-alzapua-tradicional-gerardo-nunez\/#breadcrumb","itemListElement":[{"@type":"ListItem","position":1,"name":"Inicio","item":"https:\/\/zitabs.com.ar\/"},{"@type":"ListItem","position":2,"name":"Tienda","item":"https:\/\/zitabs.com.ar\/shop\/"},{"@type":"ListItem","position":3,"name":"Ejercicio para pulgar (Alzap\u00faa tradicional), Gerardo Nu\u00f1ez"}]},{"@type":"WebSite","@id":"https:\/\/zitabs.com.ar\/#website","url":"https:\/\/zitabs.com.ar\/","name":"ZITAbS","description":"Guitar Tabs &amp; Sheet Music","publisher":{"@id":"https:\/\/zitabs.com.ar\/#organization"},"potentialAction":[{"@type":"SearchAction","target":{"@type":"EntryPoint","urlTemplate":"https:\/\/zitabs.com.ar\/?s={search_term_string}"},"query-input":{"@type":"PropertyValueSpecification","valueRequired":true,"valueName":"search_term_string"}}],"inLanguage":"en-US"},{"@type":"Organization","@id":"https:\/\/zitabs.com.ar\/#organization","name":"Zitabs","url":"https:\/\/zitabs.com.ar\/","logo":{"@type":"ImageObject","inLanguage":"en-US","@id":"https:\/\/zitabs.com.ar\/#\/schema\/logo\/image\/","url":"https:\/\/zitabs.com.ar\/wp-content\/uploads\/2019\/12\/logo_zitabs_100px.png","contentUrl":"https:\/\/zitabs.com.ar\/wp-content\/uploads\/2019\/12\/logo_zitabs_100px.png","width":100,"height":66,"caption":"Zitabs"},"image":{"@id":"https:\/\/zitabs.com.ar\/#\/schema\/logo\/image\/"},"sameAs":["https:\/\/www.facebook.com\/zitabs","https:\/\/www.youtube.com\/channel\/UCRl4-6m9-HO9Mgjb6-Dno3w"]}]}},"_links":{"self":[{"href":"https:\/\/zitabs.com.ar\/en\/wp-json\/wp\/v2\/product\/19262","targetHints":{"allow":["GET"]}}],"collection":[{"href":"https:\/\/zitabs.com.ar\/en\/wp-json\/wp\/v2\/product"}],"about":[{"href":"https:\/\/zitabs.com.ar\/en\/wp-json\/wp\/v2\/types\/product"}],"replies":[{"embeddable":true,"href":"https:\/\/zitabs.com.ar\/en\/wp-json\/wp\/v2\/comments?post=19262"}],"wp:featuredmedia":[{"embeddable":true,"href":"https:\/\/zitabs.com.ar\/en\/wp-json\/wp\/v2\/media\/19264"}],"wp:attachment":[{"href":"https:\/\/zitabs.com.ar\/en\/wp-json\/wp\/v2\/media?parent=19262"}],"wp:term":[{"taxonomy":"product_brand","embeddable":true,"href":"https:\/\/zitabs.com.ar\/en\/wp-json\/wp\/v2\/product_brand?post=19262"},{"taxonomy":"product_cat","embeddable":true,"href":"https:\/\/zitabs.com.ar\/en\/wp-json\/wp\/v2\/product_cat?post=19262"},{"taxonomy":"product_tag","embeddable":true,"href":"https:\/\/zitabs.com.ar\/en\/wp-json\/wp\/v2\/product_tag?post=19262"}],"curies":[{"name":"wp","href":"https:\/\/api.w.org\/{rel}","templated":true}]}}