{"id":19412,"date":"2020-05-10T22:20:26","date_gmt":"2020-05-11T01:20:26","guid":{"rendered":"https:\/\/zitabs.com.ar\/?post_type=product&#038;p=19412"},"modified":"2022-05-04T14:39:01","modified_gmt":"2022-05-04T17:39:01","slug":"falseta-por-alegrias-campina-andaluza-sabicas","status":"publish","type":"product","link":"https:\/\/zitabs.com.ar\/en\/product\/falseta-por-alegrias-campina-andaluza-sabicas\/","title":{"rendered":"Falseta por Alegr\u00edas &#8220;Campi\u00f1a Andaluza&#8221;, Sabicas"},"content":{"rendered":"<p>Falseta por alegr\u00edas del tema Campi\u00f1a Andaluza del gran maestro de la guitarra flamenca Sabicas.<\/p>\n<p><iframe title=\"Sabicas - falseta por alegr\u00edas &quot;Campi\u00f1a Andaluza&quot;, (160 bpm \/ 80 bpm) Flamenco Guitar Tablature\" width=\"980\" height=\"551\" src=\"https:\/\/www.youtube.com\/embed\/1a4CXoylV7U?feature=oembed\" frameborder=\"0\" allow=\"accelerometer; autoplay; clipboard-write; encrypted-media; gyroscope; picture-in-picture\" allowfullscreen><\/iframe><\/p>\n<p>&nbsp;<\/p>","protected":false},"excerpt":{"rendered":"<p>Tablatura para Guitarra<\/p>\n<p>Downloadable file<\/p>\n<p>Pdf format<\/p>\n<p>N\u00famero de p\u00e1ginas: 3<\/p>\n<p>Tama\u00f1o de archivo: 243 Kb<\/p>","protected":false},"featured_media":19413,"comment_status":"open","ping_status":"closed","template":"","meta":{"_monsterinsights_skip_tracking":false,"_monsterinsights_sitenote_active":false,"_monsterinsights_sitenote_note":"","_monsterinsights_sitenote_category":0},"product_brand":[],"product_cat":[54,57],"product_tag":[146,147],"class_list":{"0":"post-19412","1":"product","2":"type-product","3":"status-publish","4":"has-post-thumbnail","6":"product_cat-flamenco","7":"product_cat-nivel-avanzado","8":"product_tag-digitado","9":"product_tag-falsetas","11":"first","12":"instock","13":"downloadable","14":"virtual","15":"purchasable","16":"product-type-simple"},"yoast_head":"<!-- This site is optimized with the Yoast SEO plugin v26.5 - https:\/\/yoast.com\/wordpress\/plugins\/seo\/ -->\n<title>Falseta por Alegr\u00edas &quot;Campi\u00f1a Andaluza&quot;, Sabicas | ZITAbS<\/title>\n<meta name=\"description\" content=\"falseta por Alegr\u00edas (Sabicas) flamenco guitar tablature Campi\u00f1a Andaluza. Archivo descargable.Pdf. N\u00famero de p\u00e1ginas: 3. Tama\u00f1o de archivo: 243 Kb\" \/>\n<meta name=\"robots\" content=\"index, follow, max-snippet:-1, max-image-preview:large, max-video-preview:-1\" \/>\n<link rel=\"canonical\" href=\"https:\/\/zitabs.com.ar\/en\/product\/falseta-por-alegrias-campina-andaluza-sabicas\/\" \/>\n<meta property=\"og:locale\" content=\"en_US\" \/>\n<meta property=\"og:type\" content=\"article\" \/>\n<meta property=\"og:title\" content=\"Falseta por Alegr\u00edas &quot;Campi\u00f1a Andaluza&quot;, Sabicas | ZITAbS\" \/>\n<meta property=\"og:description\" content=\"falseta por Alegr\u00edas (Sabicas) flamenco guitar tablature Campi\u00f1a Andaluza. Archivo descargable.Pdf. N\u00famero de p\u00e1ginas: 3. Tama\u00f1o de archivo: 243 Kb\" \/>\n<meta property=\"og:url\" content=\"https:\/\/zitabs.com.ar\/en\/product\/falseta-por-alegrias-campina-andaluza-sabicas\/\" \/>\n<meta property=\"og:site_name\" content=\"ZITAbS\" \/>\n<meta property=\"article:publisher\" content=\"https:\/\/www.facebook.com\/zitabs\" \/>\n<meta property=\"article:modified_time\" content=\"2022-05-04T17:39:01+00:00\" \/>\n<meta property=\"og:image\" content=\"https:\/\/zitabs.com.ar\/wp-content\/uploads\/2020\/05\/falseta-por-Alegr\u00edas-Sabicas-flamenco-guitar-tablature-campi\u00f1a-andaluza.png\" \/>\n\t<meta property=\"og:image:width\" content=\"720\" \/>\n\t<meta property=\"og:image:height\" content=\"1019\" \/>\n\t<meta property=\"og:image:type\" content=\"image\/png\" \/>\n<meta name=\"twitter:card\" content=\"summary_large_image\" \/>\n<meta name=\"twitter:label1\" content=\"Est. reading time\" \/>\n\t<meta name=\"twitter:data1\" content=\"1 minute\" \/>\n<script type=\"application\/ld+json\" class=\"yoast-schema-graph\">{\"@context\":\"https:\/\/schema.org\",\"@graph\":[{\"@type\":\"WebPage\",\"@id\":\"https:\/\/zitabs.com.ar\/en\/product\/falseta-por-alegrias-campina-andaluza-sabicas\/\",\"url\":\"https:\/\/zitabs.com.ar\/en\/product\/falseta-por-alegrias-campina-andaluza-sabicas\/\",\"name\":\"Falseta por Alegr\u00edas \\\"Campi\u00f1a Andaluza\\\", Sabicas | ZITAbS\",\"isPartOf\":{\"@id\":\"https:\/\/zitabs.com.ar\/#website\"},\"primaryImageOfPage\":{\"@id\":\"https:\/\/zitabs.com.ar\/en\/product\/falseta-por-alegrias-campina-andaluza-sabicas\/#primaryimage\"},\"image\":{\"@id\":\"https:\/\/zitabs.com.ar\/en\/product\/falseta-por-alegrias-campina-andaluza-sabicas\/#primaryimage\"},\"thumbnailUrl\":\"https:\/\/zitabs.com.ar\/wp-content\/uploads\/2020\/05\/falseta-por-Alegr\u00edas-Sabicas-flamenco-guitar-tablature-campi\u00f1a-andaluza.png\",\"datePublished\":\"2020-05-11T01:20:26+00:00\",\"dateModified\":\"2022-05-04T17:39:01+00:00\",\"description\":\"falseta por Alegr\u00edas (Sabicas) flamenco guitar tablature Campi\u00f1a Andaluza. Archivo descargable.Pdf. N\u00famero de p\u00e1ginas: 3. Tama\u00f1o de archivo: 243 Kb\",\"breadcrumb\":{\"@id\":\"https:\/\/zitabs.com.ar\/en\/product\/falseta-por-alegrias-campina-andaluza-sabicas\/#breadcrumb\"},\"inLanguage\":\"en-US\",\"potentialAction\":[{\"@type\":\"ReadAction\",\"target\":[\"https:\/\/zitabs.com.ar\/en\/product\/falseta-por-alegrias-campina-andaluza-sabicas\/\"]}]},{\"@type\":\"ImageObject\",\"inLanguage\":\"en-US\",\"@id\":\"https:\/\/zitabs.com.ar\/en\/product\/falseta-por-alegrias-campina-andaluza-sabicas\/#primaryimage\",\"url\":\"https:\/\/zitabs.com.ar\/wp-content\/uploads\/2020\/05\/falseta-por-Alegr\u00edas-Sabicas-flamenco-guitar-tablature-campi\u00f1a-andaluza.png\",\"contentUrl\":\"https:\/\/zitabs.com.ar\/wp-content\/uploads\/2020\/05\/falseta-por-Alegr\u00edas-Sabicas-flamenco-guitar-tablature-campi\u00f1a-andaluza.png\",\"width\":720,\"height\":1019,\"caption\":\"falseta por Alegr\u00edas (Sabicas) flamenco guitar tablature campi\u00f1a andaluza\"},{\"@type\":\"BreadcrumbList\",\"@id\":\"https:\/\/zitabs.com.ar\/en\/product\/falseta-por-alegrias-campina-andaluza-sabicas\/#breadcrumb\",\"itemListElement\":[{\"@type\":\"ListItem\",\"position\":1,\"name\":\"Inicio\",\"item\":\"https:\/\/zitabs.com.ar\/\"},{\"@type\":\"ListItem\",\"position\":2,\"name\":\"Tienda\",\"item\":\"https:\/\/zitabs.com.ar\/shop\/\"},{\"@type\":\"ListItem\",\"position\":3,\"name\":\"Falseta por Alegr\u00edas &#8220;Campi\u00f1a Andaluza&#8221;, Sabicas\"}]},{\"@type\":\"WebSite\",\"@id\":\"https:\/\/zitabs.com.ar\/#website\",\"url\":\"https:\/\/zitabs.com.ar\/\",\"name\":\"ZITAbS\",\"description\":\"Guitar Tabs &amp; Sheet Music\",\"publisher\":{\"@id\":\"https:\/\/zitabs.com.ar\/#organization\"},\"potentialAction\":[{\"@type\":\"SearchAction\",\"target\":{\"@type\":\"EntryPoint\",\"urlTemplate\":\"https:\/\/zitabs.com.ar\/?s={search_term_string}\"},\"query-input\":{\"@type\":\"PropertyValueSpecification\",\"valueRequired\":true,\"valueName\":\"search_term_string\"}}],\"inLanguage\":\"en-US\"},{\"@type\":\"Organization\",\"@id\":\"https:\/\/zitabs.com.ar\/#organization\",\"name\":\"Zitabs\",\"url\":\"https:\/\/zitabs.com.ar\/\",\"logo\":{\"@type\":\"ImageObject\",\"inLanguage\":\"en-US\",\"@id\":\"https:\/\/zitabs.com.ar\/#\/schema\/logo\/image\/\",\"url\":\"https:\/\/zitabs.com.ar\/wp-content\/uploads\/2019\/12\/logo_zitabs_100px.png\",\"contentUrl\":\"https:\/\/zitabs.com.ar\/wp-content\/uploads\/2019\/12\/logo_zitabs_100px.png\",\"width\":100,\"height\":66,\"caption\":\"Zitabs\"},\"image\":{\"@id\":\"https:\/\/zitabs.com.ar\/#\/schema\/logo\/image\/\"},\"sameAs\":[\"https:\/\/www.facebook.com\/zitabs\",\"https:\/\/www.youtube.com\/channel\/UCRl4-6m9-HO9Mgjb6-Dno3w\"]}]}<\/script>\n<!-- \/ Yoast SEO plugin. -->","yoast_head_json":{"title":"Falseta por Alegr\u00edas \"Campi\u00f1a Andaluza\", Sabicas | ZITAbS","description":"falseta por Alegr\u00edas (Sabicas) flamenco guitar tablature Campi\u00f1a Andaluza. Archivo descargable.Pdf. N\u00famero de p\u00e1ginas: 3. Tama\u00f1o de archivo: 243 Kb","robots":{"index":"index","follow":"follow","max-snippet":"max-snippet:-1","max-image-preview":"max-image-preview:large","max-video-preview":"max-video-preview:-1"},"canonical":"https:\/\/zitabs.com.ar\/en\/product\/falseta-por-alegrias-campina-andaluza-sabicas\/","og_locale":"en_US","og_type":"article","og_title":"Falseta por Alegr\u00edas \"Campi\u00f1a Andaluza\", Sabicas | ZITAbS","og_description":"falseta por Alegr\u00edas (Sabicas) flamenco guitar tablature Campi\u00f1a Andaluza. Archivo descargable.Pdf. N\u00famero de p\u00e1ginas: 3. Tama\u00f1o de archivo: 243 Kb","og_url":"https:\/\/zitabs.com.ar\/en\/product\/falseta-por-alegrias-campina-andaluza-sabicas\/","og_site_name":"ZITAbS","article_publisher":"https:\/\/www.facebook.com\/zitabs","article_modified_time":"2022-05-04T17:39:01+00:00","og_image":[{"width":720,"height":1019,"url":"https:\/\/zitabs.com.ar\/wp-content\/uploads\/2020\/05\/falseta-por-Alegr\u00edas-Sabicas-flamenco-guitar-tablature-campi\u00f1a-andaluza.png","type":"image\/png"}],"twitter_card":"summary_large_image","twitter_misc":{"Est. reading time":"1 minute"},"schema":{"@context":"https:\/\/schema.org","@graph":[{"@type":"WebPage","@id":"https:\/\/zitabs.com.ar\/en\/product\/falseta-por-alegrias-campina-andaluza-sabicas\/","url":"https:\/\/zitabs.com.ar\/en\/product\/falseta-por-alegrias-campina-andaluza-sabicas\/","name":"Falseta por Alegr\u00edas \"Campi\u00f1a Andaluza\", Sabicas | ZITAbS","isPartOf":{"@id":"https:\/\/zitabs.com.ar\/#website"},"primaryImageOfPage":{"@id":"https:\/\/zitabs.com.ar\/en\/product\/falseta-por-alegrias-campina-andaluza-sabicas\/#primaryimage"},"image":{"@id":"https:\/\/zitabs.com.ar\/en\/product\/falseta-por-alegrias-campina-andaluza-sabicas\/#primaryimage"},"thumbnailUrl":"https:\/\/zitabs.com.ar\/wp-content\/uploads\/2020\/05\/falseta-por-Alegr\u00edas-Sabicas-flamenco-guitar-tablature-campi\u00f1a-andaluza.png","datePublished":"2020-05-11T01:20:26+00:00","dateModified":"2022-05-04T17:39:01+00:00","description":"falseta por Alegr\u00edas (Sabicas) flamenco guitar tablature Campi\u00f1a Andaluza. Archivo descargable.Pdf. N\u00famero de p\u00e1ginas: 3. Tama\u00f1o de archivo: 243 Kb","breadcrumb":{"@id":"https:\/\/zitabs.com.ar\/en\/product\/falseta-por-alegrias-campina-andaluza-sabicas\/#breadcrumb"},"inLanguage":"en-US","potentialAction":[{"@type":"ReadAction","target":["https:\/\/zitabs.com.ar\/en\/product\/falseta-por-alegrias-campina-andaluza-sabicas\/"]}]},{"@type":"ImageObject","inLanguage":"en-US","@id":"https:\/\/zitabs.com.ar\/en\/product\/falseta-por-alegrias-campina-andaluza-sabicas\/#primaryimage","url":"https:\/\/zitabs.com.ar\/wp-content\/uploads\/2020\/05\/falseta-por-Alegr\u00edas-Sabicas-flamenco-guitar-tablature-campi\u00f1a-andaluza.png","contentUrl":"https:\/\/zitabs.com.ar\/wp-content\/uploads\/2020\/05\/falseta-por-Alegr\u00edas-Sabicas-flamenco-guitar-tablature-campi\u00f1a-andaluza.png","width":720,"height":1019,"caption":"falseta por Alegr\u00edas (Sabicas) flamenco guitar tablature campi\u00f1a andaluza"},{"@type":"BreadcrumbList","@id":"https:\/\/zitabs.com.ar\/en\/product\/falseta-por-alegrias-campina-andaluza-sabicas\/#breadcrumb","itemListElement":[{"@type":"ListItem","position":1,"name":"Inicio","item":"https:\/\/zitabs.com.ar\/"},{"@type":"ListItem","position":2,"name":"Tienda","item":"https:\/\/zitabs.com.ar\/shop\/"},{"@type":"ListItem","position":3,"name":"Falseta por Alegr\u00edas &#8220;Campi\u00f1a Andaluza&#8221;, Sabicas"}]},{"@type":"WebSite","@id":"https:\/\/zitabs.com.ar\/#website","url":"https:\/\/zitabs.com.ar\/","name":"ZITAbS","description":"Guitar Tabs &amp; Sheet Music","publisher":{"@id":"https:\/\/zitabs.com.ar\/#organization"},"potentialAction":[{"@type":"SearchAction","target":{"@type":"EntryPoint","urlTemplate":"https:\/\/zitabs.com.ar\/?s={search_term_string}"},"query-input":{"@type":"PropertyValueSpecification","valueRequired":true,"valueName":"search_term_string"}}],"inLanguage":"en-US"},{"@type":"Organization","@id":"https:\/\/zitabs.com.ar\/#organization","name":"Zitabs","url":"https:\/\/zitabs.com.ar\/","logo":{"@type":"ImageObject","inLanguage":"en-US","@id":"https:\/\/zitabs.com.ar\/#\/schema\/logo\/image\/","url":"https:\/\/zitabs.com.ar\/wp-content\/uploads\/2019\/12\/logo_zitabs_100px.png","contentUrl":"https:\/\/zitabs.com.ar\/wp-content\/uploads\/2019\/12\/logo_zitabs_100px.png","width":100,"height":66,"caption":"Zitabs"},"image":{"@id":"https:\/\/zitabs.com.ar\/#\/schema\/logo\/image\/"},"sameAs":["https:\/\/www.facebook.com\/zitabs","https:\/\/www.youtube.com\/channel\/UCRl4-6m9-HO9Mgjb6-Dno3w"]}]}},"_links":{"self":[{"href":"https:\/\/zitabs.com.ar\/en\/wp-json\/wp\/v2\/product\/19412","targetHints":{"allow":["GET"]}}],"collection":[{"href":"https:\/\/zitabs.com.ar\/en\/wp-json\/wp\/v2\/product"}],"about":[{"href":"https:\/\/zitabs.com.ar\/en\/wp-json\/wp\/v2\/types\/product"}],"replies":[{"embeddable":true,"href":"https:\/\/zitabs.com.ar\/en\/wp-json\/wp\/v2\/comments?post=19412"}],"wp:featuredmedia":[{"embeddable":true,"href":"https:\/\/zitabs.com.ar\/en\/wp-json\/wp\/v2\/media\/19413"}],"wp:attachment":[{"href":"https:\/\/zitabs.com.ar\/en\/wp-json\/wp\/v2\/media?parent=19412"}],"wp:term":[{"taxonomy":"product_brand","embeddable":true,"href":"https:\/\/zitabs.com.ar\/en\/wp-json\/wp\/v2\/product_brand?post=19412"},{"taxonomy":"product_cat","embeddable":true,"href":"https:\/\/zitabs.com.ar\/en\/wp-json\/wp\/v2\/product_cat?post=19412"},{"taxonomy":"product_tag","embeddable":true,"href":"https:\/\/zitabs.com.ar\/en\/wp-json\/wp\/v2\/product_tag?post=19412"}],"curies":[{"name":"wp","href":"https:\/\/api.w.org\/{rel}","templated":true}]}}