{"id":19601,"date":"2021-01-05T13:55:15","date_gmt":"2021-01-05T16:55:15","guid":{"rendered":"https:\/\/zitabs.com.ar\/?post_type=product&#038;p=19601"},"modified":"2022-05-04T14:37:40","modified_gmt":"2022-05-04T17:37:40","slug":"pack-por-bulerias-11-falsetas-tabs-audio","status":"publish","type":"product","link":"https:\/\/zitabs.com.ar\/en\/product\/pack-por-bulerias-11-falsetas-tabs-audio\/","title":{"rendered":"PACK POR BULERIAS &#8211; 11 Falsetas ( Tabs + Audio )"},"content":{"rendered":"<p><iframe title=\"PACK POR BULERIAS - 11 Falsetas (Paco de Lucia, Tomatito, Moraito...) AUDIO\" width=\"980\" height=\"551\" src=\"https:\/\/www.youtube.com\/embed\/O_50Jlws97c?feature=oembed\" frameborder=\"0\" allow=\"accelerometer; autoplay; clipboard-write; encrypted-media; gyroscope; picture-in-picture\" allowfullscreen><\/iframe><\/p>\n<p>PACK X BULERIAS &#8211; Selecci\u00f3n de 11 falsetas por Buler\u00edas<\/p>\n<p>. Rafael Riqueni &#8211; Puerto Camaronero<\/p>\n<p>. Tomatito &#8211; La Chanca<\/p>\n<p>. Paco de Lucia &#8211; La Tumbona<\/p>\n<p>. Moraito &#8211; Buleriando<\/p>\n<p>. Vicente Amigo &#8211; Gitano de Lucia<\/p>\n<p>. Sabicas &#8211; Embrujo Sevillano<\/p>\n<p>. Paco de Lucia &#8211; Almoraima<\/p>\n<p>. Gerardo Nu\u00f1ez &#8211; Buler\u00edas &#8220;de Jucal&#8221;<\/p>\n<p>. Paco Cepero &#8211; Sue\u00f1os en Jerez<\/p>\n<p>. Paco de Lucia &#8211; El Pa\u00f1uelo<\/p>\n<p>. Paco de Lucia &#8211; Cepa Andaluza<\/p>","protected":false},"excerpt":{"rendered":"<p>Guitar Tab<\/p>\n<p>Archivo descargable \u2193\u2193\u2193<\/p>\n<p>Formato: PDF + MP3<\/p>\n<p>Tabs: Digitaci\u00f3n para ambas manos<\/p>\n<p>N\u00famero de p\u00e1ginas: 56<\/p>\n<p>Tama\u00f1o de archivo PDF: 49,7 MB<\/p>\n<p>Tama\u00f1o de MP3: 12,2MB<\/p>","protected":false},"featured_media":19603,"comment_status":"open","ping_status":"closed","template":"","meta":{"_monsterinsights_skip_tracking":false,"_monsterinsights_sitenote_active":false,"_monsterinsights_sitenote_note":"","_monsterinsights_sitenote_category":0},"product_brand":[],"product_cat":[54,57,56],"product_tag":[152,146],"class_list":{"0":"post-19601","1":"product","2":"type-product","3":"status-publish","4":"has-post-thumbnail","6":"product_cat-flamenco","7":"product_cat-nivel-avanzado","8":"product_cat-nivel-intermedio","9":"product_tag-bulerias","10":"product_tag-digitado","12":"first","13":"instock","14":"downloadable","15":"virtual","16":"purchasable","17":"product-type-simple"},"yoast_head":"<!-- This site is optimized with the Yoast SEO plugin v26.5 - https:\/\/yoast.com\/wordpress\/plugins\/seo\/ -->\n<title>PACK POR BULERIAS - 11 Falsetas ( Tabs + Audio ) | ZITAbS<\/title>\n<meta name=\"description\" content=\"Pack por Buler\u00edas - Selecci\u00f3n de 11 falsetas por Buler\u00edas (Tabs + Audio) Paco de Lucia, Tomatito, Moraito, Sabicas, Paco Cepero\" \/>\n<meta name=\"robots\" content=\"index, follow, max-snippet:-1, max-image-preview:large, max-video-preview:-1\" \/>\n<link rel=\"canonical\" href=\"https:\/\/zitabs.com.ar\/en\/product\/pack-por-bulerias-11-falsetas-tabs-audio\/\" \/>\n<meta property=\"og:locale\" content=\"en_US\" \/>\n<meta property=\"og:type\" content=\"article\" \/>\n<meta property=\"og:title\" content=\"PACK POR BULERIAS - 11 Falsetas ( Tabs + Audio ) | ZITAbS\" \/>\n<meta property=\"og:description\" content=\"Pack por Buler\u00edas - Selecci\u00f3n de 11 falsetas por Buler\u00edas (Tabs + Audio) Paco de Lucia, Tomatito, Moraito, Sabicas, Paco Cepero\" \/>\n<meta property=\"og:url\" content=\"https:\/\/zitabs.com.ar\/en\/product\/pack-por-bulerias-11-falsetas-tabs-audio\/\" \/>\n<meta property=\"og:site_name\" content=\"ZITAbS\" \/>\n<meta property=\"article:publisher\" content=\"https:\/\/www.facebook.com\/zitabs\" \/>\n<meta property=\"article:modified_time\" content=\"2022-05-04T17:37:40+00:00\" \/>\n<meta property=\"og:image\" content=\"https:\/\/zitabs.com.ar\/wp-content\/uploads\/2021\/01\/Pack-x-Bulerias-11-falsetas-por-bulerias-tabs-audio.jpg\" \/>\n\t<meta property=\"og:image:width\" content=\"715\" \/>\n\t<meta property=\"og:image:height\" content=\"1011\" \/>\n\t<meta property=\"og:image:type\" content=\"image\/jpeg\" \/>\n<meta name=\"twitter:card\" content=\"summary_large_image\" \/>\n<meta name=\"twitter:label1\" content=\"Est. reading time\" \/>\n\t<meta name=\"twitter:data1\" content=\"1 minute\" \/>\n<script type=\"application\/ld+json\" class=\"yoast-schema-graph\">{\"@context\":\"https:\/\/schema.org\",\"@graph\":[{\"@type\":\"WebPage\",\"@id\":\"https:\/\/zitabs.com.ar\/en\/product\/pack-por-bulerias-11-falsetas-tabs-audio\/\",\"url\":\"https:\/\/zitabs.com.ar\/en\/product\/pack-por-bulerias-11-falsetas-tabs-audio\/\",\"name\":\"PACK POR BULERIAS - 11 Falsetas ( Tabs + Audio ) | ZITAbS\",\"isPartOf\":{\"@id\":\"https:\/\/zitabs.com.ar\/#website\"},\"primaryImageOfPage\":{\"@id\":\"https:\/\/zitabs.com.ar\/en\/product\/pack-por-bulerias-11-falsetas-tabs-audio\/#primaryimage\"},\"image\":{\"@id\":\"https:\/\/zitabs.com.ar\/en\/product\/pack-por-bulerias-11-falsetas-tabs-audio\/#primaryimage\"},\"thumbnailUrl\":\"https:\/\/zitabs.com.ar\/wp-content\/uploads\/2021\/01\/Pack-x-Bulerias-11-falsetas-por-bulerias-tabs-audio.jpg\",\"datePublished\":\"2021-01-05T16:55:15+00:00\",\"dateModified\":\"2022-05-04T17:37:40+00:00\",\"description\":\"Pack por Buler\u00edas - Selecci\u00f3n de 11 falsetas por Buler\u00edas (Tabs + Audio) Paco de Lucia, Tomatito, Moraito, Sabicas, Paco Cepero\",\"breadcrumb\":{\"@id\":\"https:\/\/zitabs.com.ar\/en\/product\/pack-por-bulerias-11-falsetas-tabs-audio\/#breadcrumb\"},\"inLanguage\":\"en-US\",\"potentialAction\":[{\"@type\":\"ReadAction\",\"target\":[\"https:\/\/zitabs.com.ar\/en\/product\/pack-por-bulerias-11-falsetas-tabs-audio\/\"]}]},{\"@type\":\"ImageObject\",\"inLanguage\":\"en-US\",\"@id\":\"https:\/\/zitabs.com.ar\/en\/product\/pack-por-bulerias-11-falsetas-tabs-audio\/#primaryimage\",\"url\":\"https:\/\/zitabs.com.ar\/wp-content\/uploads\/2021\/01\/Pack-x-Bulerias-11-falsetas-por-bulerias-tabs-audio.jpg\",\"contentUrl\":\"https:\/\/zitabs.com.ar\/wp-content\/uploads\/2021\/01\/Pack-x-Bulerias-11-falsetas-por-bulerias-tabs-audio.jpg\",\"width\":715,\"height\":1011,\"caption\":\"Pack x Buler\u00edas 11 falsetas por bulerias tabs + audio\"},{\"@type\":\"BreadcrumbList\",\"@id\":\"https:\/\/zitabs.com.ar\/en\/product\/pack-por-bulerias-11-falsetas-tabs-audio\/#breadcrumb\",\"itemListElement\":[{\"@type\":\"ListItem\",\"position\":1,\"name\":\"Inicio\",\"item\":\"https:\/\/zitabs.com.ar\/\"},{\"@type\":\"ListItem\",\"position\":2,\"name\":\"Tienda\",\"item\":\"https:\/\/zitabs.com.ar\/shop\/\"},{\"@type\":\"ListItem\",\"position\":3,\"name\":\"PACK POR BULERIAS &#8211; 11 Falsetas ( Tabs + Audio )\"}]},{\"@type\":\"WebSite\",\"@id\":\"https:\/\/zitabs.com.ar\/#website\",\"url\":\"https:\/\/zitabs.com.ar\/\",\"name\":\"ZITAbS\",\"description\":\"Guitar Tabs &amp; Sheet Music\",\"publisher\":{\"@id\":\"https:\/\/zitabs.com.ar\/#organization\"},\"potentialAction\":[{\"@type\":\"SearchAction\",\"target\":{\"@type\":\"EntryPoint\",\"urlTemplate\":\"https:\/\/zitabs.com.ar\/?s={search_term_string}\"},\"query-input\":{\"@type\":\"PropertyValueSpecification\",\"valueRequired\":true,\"valueName\":\"search_term_string\"}}],\"inLanguage\":\"en-US\"},{\"@type\":\"Organization\",\"@id\":\"https:\/\/zitabs.com.ar\/#organization\",\"name\":\"Zitabs\",\"url\":\"https:\/\/zitabs.com.ar\/\",\"logo\":{\"@type\":\"ImageObject\",\"inLanguage\":\"en-US\",\"@id\":\"https:\/\/zitabs.com.ar\/#\/schema\/logo\/image\/\",\"url\":\"https:\/\/zitabs.com.ar\/wp-content\/uploads\/2019\/12\/logo_zitabs_100px.png\",\"contentUrl\":\"https:\/\/zitabs.com.ar\/wp-content\/uploads\/2019\/12\/logo_zitabs_100px.png\",\"width\":100,\"height\":66,\"caption\":\"Zitabs\"},\"image\":{\"@id\":\"https:\/\/zitabs.com.ar\/#\/schema\/logo\/image\/\"},\"sameAs\":[\"https:\/\/www.facebook.com\/zitabs\",\"https:\/\/www.youtube.com\/channel\/UCRl4-6m9-HO9Mgjb6-Dno3w\"]}]}<\/script>\n<!-- \/ Yoast SEO plugin. -->","yoast_head_json":{"title":"PACK POR BULERIAS - 11 Falsetas ( Tabs + Audio ) | ZITAbS","description":"Pack por Buler\u00edas - Selecci\u00f3n de 11 falsetas por Buler\u00edas (Tabs + Audio) Paco de Lucia, Tomatito, Moraito, Sabicas, Paco Cepero","robots":{"index":"index","follow":"follow","max-snippet":"max-snippet:-1","max-image-preview":"max-image-preview:large","max-video-preview":"max-video-preview:-1"},"canonical":"https:\/\/zitabs.com.ar\/en\/product\/pack-por-bulerias-11-falsetas-tabs-audio\/","og_locale":"en_US","og_type":"article","og_title":"PACK POR BULERIAS - 11 Falsetas ( Tabs + Audio ) | ZITAbS","og_description":"Pack por Buler\u00edas - Selecci\u00f3n de 11 falsetas por Buler\u00edas (Tabs + Audio) Paco de Lucia, Tomatito, Moraito, Sabicas, Paco Cepero","og_url":"https:\/\/zitabs.com.ar\/en\/product\/pack-por-bulerias-11-falsetas-tabs-audio\/","og_site_name":"ZITAbS","article_publisher":"https:\/\/www.facebook.com\/zitabs","article_modified_time":"2022-05-04T17:37:40+00:00","og_image":[{"width":715,"height":1011,"url":"https:\/\/zitabs.com.ar\/wp-content\/uploads\/2021\/01\/Pack-x-Bulerias-11-falsetas-por-bulerias-tabs-audio.jpg","type":"image\/jpeg"}],"twitter_card":"summary_large_image","twitter_misc":{"Est. reading time":"1 minute"},"schema":{"@context":"https:\/\/schema.org","@graph":[{"@type":"WebPage","@id":"https:\/\/zitabs.com.ar\/en\/product\/pack-por-bulerias-11-falsetas-tabs-audio\/","url":"https:\/\/zitabs.com.ar\/en\/product\/pack-por-bulerias-11-falsetas-tabs-audio\/","name":"PACK POR BULERIAS - 11 Falsetas ( Tabs + Audio ) | ZITAbS","isPartOf":{"@id":"https:\/\/zitabs.com.ar\/#website"},"primaryImageOfPage":{"@id":"https:\/\/zitabs.com.ar\/en\/product\/pack-por-bulerias-11-falsetas-tabs-audio\/#primaryimage"},"image":{"@id":"https:\/\/zitabs.com.ar\/en\/product\/pack-por-bulerias-11-falsetas-tabs-audio\/#primaryimage"},"thumbnailUrl":"https:\/\/zitabs.com.ar\/wp-content\/uploads\/2021\/01\/Pack-x-Bulerias-11-falsetas-por-bulerias-tabs-audio.jpg","datePublished":"2021-01-05T16:55:15+00:00","dateModified":"2022-05-04T17:37:40+00:00","description":"Pack por Buler\u00edas - Selecci\u00f3n de 11 falsetas por Buler\u00edas (Tabs + Audio) Paco de Lucia, Tomatito, Moraito, Sabicas, Paco Cepero","breadcrumb":{"@id":"https:\/\/zitabs.com.ar\/en\/product\/pack-por-bulerias-11-falsetas-tabs-audio\/#breadcrumb"},"inLanguage":"en-US","potentialAction":[{"@type":"ReadAction","target":["https:\/\/zitabs.com.ar\/en\/product\/pack-por-bulerias-11-falsetas-tabs-audio\/"]}]},{"@type":"ImageObject","inLanguage":"en-US","@id":"https:\/\/zitabs.com.ar\/en\/product\/pack-por-bulerias-11-falsetas-tabs-audio\/#primaryimage","url":"https:\/\/zitabs.com.ar\/wp-content\/uploads\/2021\/01\/Pack-x-Bulerias-11-falsetas-por-bulerias-tabs-audio.jpg","contentUrl":"https:\/\/zitabs.com.ar\/wp-content\/uploads\/2021\/01\/Pack-x-Bulerias-11-falsetas-por-bulerias-tabs-audio.jpg","width":715,"height":1011,"caption":"Pack x Buler\u00edas 11 falsetas por bulerias tabs + audio"},{"@type":"BreadcrumbList","@id":"https:\/\/zitabs.com.ar\/en\/product\/pack-por-bulerias-11-falsetas-tabs-audio\/#breadcrumb","itemListElement":[{"@type":"ListItem","position":1,"name":"Inicio","item":"https:\/\/zitabs.com.ar\/"},{"@type":"ListItem","position":2,"name":"Tienda","item":"https:\/\/zitabs.com.ar\/shop\/"},{"@type":"ListItem","position":3,"name":"PACK POR BULERIAS &#8211; 11 Falsetas ( Tabs + Audio )"}]},{"@type":"WebSite","@id":"https:\/\/zitabs.com.ar\/#website","url":"https:\/\/zitabs.com.ar\/","name":"ZITAbS","description":"Guitar Tabs &amp; Sheet Music","publisher":{"@id":"https:\/\/zitabs.com.ar\/#organization"},"potentialAction":[{"@type":"SearchAction","target":{"@type":"EntryPoint","urlTemplate":"https:\/\/zitabs.com.ar\/?s={search_term_string}"},"query-input":{"@type":"PropertyValueSpecification","valueRequired":true,"valueName":"search_term_string"}}],"inLanguage":"en-US"},{"@type":"Organization","@id":"https:\/\/zitabs.com.ar\/#organization","name":"Zitabs","url":"https:\/\/zitabs.com.ar\/","logo":{"@type":"ImageObject","inLanguage":"en-US","@id":"https:\/\/zitabs.com.ar\/#\/schema\/logo\/image\/","url":"https:\/\/zitabs.com.ar\/wp-content\/uploads\/2019\/12\/logo_zitabs_100px.png","contentUrl":"https:\/\/zitabs.com.ar\/wp-content\/uploads\/2019\/12\/logo_zitabs_100px.png","width":100,"height":66,"caption":"Zitabs"},"image":{"@id":"https:\/\/zitabs.com.ar\/#\/schema\/logo\/image\/"},"sameAs":["https:\/\/www.facebook.com\/zitabs","https:\/\/www.youtube.com\/channel\/UCRl4-6m9-HO9Mgjb6-Dno3w"]}]}},"_links":{"self":[{"href":"https:\/\/zitabs.com.ar\/en\/wp-json\/wp\/v2\/product\/19601","targetHints":{"allow":["GET"]}}],"collection":[{"href":"https:\/\/zitabs.com.ar\/en\/wp-json\/wp\/v2\/product"}],"about":[{"href":"https:\/\/zitabs.com.ar\/en\/wp-json\/wp\/v2\/types\/product"}],"replies":[{"embeddable":true,"href":"https:\/\/zitabs.com.ar\/en\/wp-json\/wp\/v2\/comments?post=19601"}],"wp:featuredmedia":[{"embeddable":true,"href":"https:\/\/zitabs.com.ar\/en\/wp-json\/wp\/v2\/media\/19603"}],"wp:attachment":[{"href":"https:\/\/zitabs.com.ar\/en\/wp-json\/wp\/v2\/media?parent=19601"}],"wp:term":[{"taxonomy":"product_brand","embeddable":true,"href":"https:\/\/zitabs.com.ar\/en\/wp-json\/wp\/v2\/product_brand?post=19601"},{"taxonomy":"product_cat","embeddable":true,"href":"https:\/\/zitabs.com.ar\/en\/wp-json\/wp\/v2\/product_cat?post=19601"},{"taxonomy":"product_tag","embeddable":true,"href":"https:\/\/zitabs.com.ar\/en\/wp-json\/wp\/v2\/product_tag?post=19601"}],"curies":[{"name":"wp","href":"https:\/\/api.w.org\/{rel}","templated":true}]}}