{"id":1979,"date":"2019-09-17T00:45:35","date_gmt":"2019-09-17T03:45:35","guid":{"rendered":"https:\/\/zitabs.com.ar\/?post_type=product&#038;p=1979"},"modified":"2020-04-11T11:01:14","modified_gmt":"2020-04-11T14:01:14","slug":"momento-musical-op-94-na3-franz-schubert","status":"publish","type":"product","link":"https:\/\/zitabs.com.ar\/en\/product\/momento-musical-op-94-na3-franz-schubert\/","title":{"rendered":"Momento Musical (op.94 N\u00b03), Franz Schubert"},"content":{"rendered":"<p><iframe title=\"Franz Schubert - Momento Musical (op.94 n\u00aa3) TAB, Transcription, Classical Guitar\" width=\"980\" height=\"551\" src=\"https:\/\/www.youtube.com\/embed\/CGHP0Pl3a08?feature=oembed\" frameborder=\"0\" allow=\"accelerometer; autoplay; clipboard-write; encrypted-media; gyroscope; picture-in-picture\" allowfullscreen><\/iframe><\/p>\n<p>&nbsp;<\/p>","protected":false},"excerpt":{"rendered":"<p>Guitar Sheet Music \/ Tabs<\/p>\n<p>Downloadable file<\/p>\n<p>Pdf format<\/p>\n<p>Pages: 6<\/p>\n<p>Tama\u00f1o de archivo: 1,40 MB<\/p>","protected":false},"featured_media":1980,"comment_status":"open","ping_status":"closed","template":"","meta":{"_monsterinsights_skip_tracking":false,"_monsterinsights_sitenote_active":false,"_monsterinsights_sitenote_note":"","_monsterinsights_sitenote_category":0},"product_brand":[],"product_cat":[49,56],"product_tag":[],"class_list":{"0":"post-1979","1":"product","2":"type-product","3":"status-publish","4":"has-post-thumbnail","6":"product_cat-musica-clasica","7":"product_cat-nivel-intermedio","9":"first","10":"instock","11":"downloadable","12":"virtual","13":"purchasable","14":"product-type-simple"},"yoast_head":"<!-- This site is optimized with the Yoast SEO plugin v26.5 - https:\/\/yoast.com\/wordpress\/plugins\/seo\/ -->\n<title>Momento Musical (op.94 N\u00b03), Franz Schubert | ZITAbS<\/title>\n<meta name=\"robots\" content=\"index, follow, max-snippet:-1, max-image-preview:large, max-video-preview:-1\" \/>\n<link rel=\"canonical\" href=\"https:\/\/zitabs.com.ar\/en\/product\/momento-musical-op-94-na3-franz-schubert\/\" \/>\n<meta property=\"og:locale\" content=\"en_US\" \/>\n<meta property=\"og:type\" content=\"article\" \/>\n<meta property=\"og:title\" content=\"Momento Musical (op.94 N\u00b03), Franz Schubert | ZITAbS\" \/>\n<meta property=\"og:description\" content=\"Partitura \/ Tablatura para Guitarra  Archivo descargable  Formato: PDF  N\u00famero de p\u00e1ginas: 6  Tama\u00f1o de archivo: 1,40 MB\" \/>\n<meta property=\"og:url\" content=\"https:\/\/zitabs.com.ar\/en\/product\/momento-musical-op-94-na3-franz-schubert\/\" \/>\n<meta property=\"og:site_name\" content=\"ZITAbS\" \/>\n<meta property=\"article:publisher\" content=\"https:\/\/www.facebook.com\/zitabs\" \/>\n<meta property=\"article:modified_time\" content=\"2020-04-11T14:01:14+00:00\" \/>\n<meta property=\"og:image\" content=\"https:\/\/zitabs.com.ar\/wp-content\/uploads\/2019\/09\/momento-musical-slider-1.jpg\" \/>\n\t<meta property=\"og:image:width\" content=\"509\" \/>\n\t<meta property=\"og:image:height\" content=\"720\" \/>\n\t<meta property=\"og:image:type\" content=\"image\/jpeg\" \/>\n<meta name=\"twitter:card\" content=\"summary_large_image\" \/>\n<script type=\"application\/ld+json\" class=\"yoast-schema-graph\">{\"@context\":\"https:\/\/schema.org\",\"@graph\":[{\"@type\":\"WebPage\",\"@id\":\"https:\/\/zitabs.com.ar\/producto\/momento-musical-op-94-na3-franz-schubert\/\",\"url\":\"https:\/\/zitabs.com.ar\/producto\/momento-musical-op-94-na3-franz-schubert\/\",\"name\":\"Momento Musical (op.94 N\u00b03), Franz Schubert | ZITAbS\",\"isPartOf\":{\"@id\":\"https:\/\/zitabs.com.ar\/#website\"},\"primaryImageOfPage\":{\"@id\":\"https:\/\/zitabs.com.ar\/producto\/momento-musical-op-94-na3-franz-schubert\/#primaryimage\"},\"image\":{\"@id\":\"https:\/\/zitabs.com.ar\/producto\/momento-musical-op-94-na3-franz-schubert\/#primaryimage\"},\"thumbnailUrl\":\"https:\/\/zitabs.com.ar\/wp-content\/uploads\/2019\/09\/momento-musical-slider-1.jpg\",\"datePublished\":\"2019-09-17T03:45:35+00:00\",\"dateModified\":\"2020-04-11T14:01:14+00:00\",\"breadcrumb\":{\"@id\":\"https:\/\/zitabs.com.ar\/producto\/momento-musical-op-94-na3-franz-schubert\/#breadcrumb\"},\"inLanguage\":\"en-US\",\"potentialAction\":[{\"@type\":\"ReadAction\",\"target\":[\"https:\/\/zitabs.com.ar\/producto\/momento-musical-op-94-na3-franz-schubert\/\"]}]},{\"@type\":\"ImageObject\",\"inLanguage\":\"en-US\",\"@id\":\"https:\/\/zitabs.com.ar\/producto\/momento-musical-op-94-na3-franz-schubert\/#primaryimage\",\"url\":\"https:\/\/zitabs.com.ar\/wp-content\/uploads\/2019\/09\/momento-musical-slider-1.jpg\",\"contentUrl\":\"https:\/\/zitabs.com.ar\/wp-content\/uploads\/2019\/09\/momento-musical-slider-1.jpg\",\"width\":509,\"height\":720},{\"@type\":\"BreadcrumbList\",\"@id\":\"https:\/\/zitabs.com.ar\/producto\/momento-musical-op-94-na3-franz-schubert\/#breadcrumb\",\"itemListElement\":[{\"@type\":\"ListItem\",\"position\":1,\"name\":\"Inicio\",\"item\":\"https:\/\/zitabs.com.ar\/\"},{\"@type\":\"ListItem\",\"position\":2,\"name\":\"Tienda\",\"item\":\"https:\/\/zitabs.com.ar\/shop\/\"},{\"@type\":\"ListItem\",\"position\":3,\"name\":\"Momento Musical (op.94 N\u00b03), Franz Schubert\"}]},{\"@type\":\"WebSite\",\"@id\":\"https:\/\/zitabs.com.ar\/#website\",\"url\":\"https:\/\/zitabs.com.ar\/\",\"name\":\"ZITAbS\",\"description\":\"Guitar Tabs &amp; Sheet Music\",\"publisher\":{\"@id\":\"https:\/\/zitabs.com.ar\/#organization\"},\"potentialAction\":[{\"@type\":\"SearchAction\",\"target\":{\"@type\":\"EntryPoint\",\"urlTemplate\":\"https:\/\/zitabs.com.ar\/?s={search_term_string}\"},\"query-input\":{\"@type\":\"PropertyValueSpecification\",\"valueRequired\":true,\"valueName\":\"search_term_string\"}}],\"inLanguage\":\"en-US\"},{\"@type\":\"Organization\",\"@id\":\"https:\/\/zitabs.com.ar\/#organization\",\"name\":\"Zitabs\",\"url\":\"https:\/\/zitabs.com.ar\/\",\"logo\":{\"@type\":\"ImageObject\",\"inLanguage\":\"en-US\",\"@id\":\"https:\/\/zitabs.com.ar\/#\/schema\/logo\/image\/\",\"url\":\"https:\/\/zitabs.com.ar\/wp-content\/uploads\/2019\/12\/logo_zitabs_100px.png\",\"contentUrl\":\"https:\/\/zitabs.com.ar\/wp-content\/uploads\/2019\/12\/logo_zitabs_100px.png\",\"width\":100,\"height\":66,\"caption\":\"Zitabs\"},\"image\":{\"@id\":\"https:\/\/zitabs.com.ar\/#\/schema\/logo\/image\/\"},\"sameAs\":[\"https:\/\/www.facebook.com\/zitabs\",\"https:\/\/www.youtube.com\/channel\/UCRl4-6m9-HO9Mgjb6-Dno3w\"]}]}<\/script>\n<!-- \/ Yoast SEO plugin. -->","yoast_head_json":{"title":"Momento Musical (op.94 N\u00b03), Franz Schubert | ZITAbS","robots":{"index":"index","follow":"follow","max-snippet":"max-snippet:-1","max-image-preview":"max-image-preview:large","max-video-preview":"max-video-preview:-1"},"canonical":"https:\/\/zitabs.com.ar\/en\/product\/momento-musical-op-94-na3-franz-schubert\/","og_locale":"en_US","og_type":"article","og_title":"Momento Musical (op.94 N\u00b03), Franz Schubert | ZITAbS","og_description":"Partitura \/ Tablatura para Guitarra  Archivo descargable  Formato: PDF  N\u00famero de p\u00e1ginas: 6  Tama\u00f1o de archivo: 1,40 MB","og_url":"https:\/\/zitabs.com.ar\/en\/product\/momento-musical-op-94-na3-franz-schubert\/","og_site_name":"ZITAbS","article_publisher":"https:\/\/www.facebook.com\/zitabs","article_modified_time":"2020-04-11T14:01:14+00:00","og_image":[{"width":509,"height":720,"url":"https:\/\/zitabs.com.ar\/wp-content\/uploads\/2019\/09\/momento-musical-slider-1.jpg","type":"image\/jpeg"}],"twitter_card":"summary_large_image","schema":{"@context":"https:\/\/schema.org","@graph":[{"@type":"WebPage","@id":"https:\/\/zitabs.com.ar\/producto\/momento-musical-op-94-na3-franz-schubert\/","url":"https:\/\/zitabs.com.ar\/producto\/momento-musical-op-94-na3-franz-schubert\/","name":"Momento Musical (op.94 N\u00b03), Franz Schubert | ZITAbS","isPartOf":{"@id":"https:\/\/zitabs.com.ar\/#website"},"primaryImageOfPage":{"@id":"https:\/\/zitabs.com.ar\/producto\/momento-musical-op-94-na3-franz-schubert\/#primaryimage"},"image":{"@id":"https:\/\/zitabs.com.ar\/producto\/momento-musical-op-94-na3-franz-schubert\/#primaryimage"},"thumbnailUrl":"https:\/\/zitabs.com.ar\/wp-content\/uploads\/2019\/09\/momento-musical-slider-1.jpg","datePublished":"2019-09-17T03:45:35+00:00","dateModified":"2020-04-11T14:01:14+00:00","breadcrumb":{"@id":"https:\/\/zitabs.com.ar\/producto\/momento-musical-op-94-na3-franz-schubert\/#breadcrumb"},"inLanguage":"en-US","potentialAction":[{"@type":"ReadAction","target":["https:\/\/zitabs.com.ar\/producto\/momento-musical-op-94-na3-franz-schubert\/"]}]},{"@type":"ImageObject","inLanguage":"en-US","@id":"https:\/\/zitabs.com.ar\/producto\/momento-musical-op-94-na3-franz-schubert\/#primaryimage","url":"https:\/\/zitabs.com.ar\/wp-content\/uploads\/2019\/09\/momento-musical-slider-1.jpg","contentUrl":"https:\/\/zitabs.com.ar\/wp-content\/uploads\/2019\/09\/momento-musical-slider-1.jpg","width":509,"height":720},{"@type":"BreadcrumbList","@id":"https:\/\/zitabs.com.ar\/producto\/momento-musical-op-94-na3-franz-schubert\/#breadcrumb","itemListElement":[{"@type":"ListItem","position":1,"name":"Inicio","item":"https:\/\/zitabs.com.ar\/"},{"@type":"ListItem","position":2,"name":"Tienda","item":"https:\/\/zitabs.com.ar\/shop\/"},{"@type":"ListItem","position":3,"name":"Momento Musical (op.94 N\u00b03), Franz Schubert"}]},{"@type":"WebSite","@id":"https:\/\/zitabs.com.ar\/#website","url":"https:\/\/zitabs.com.ar\/","name":"ZITAbS","description":"Guitar Tabs &amp; Sheet Music","publisher":{"@id":"https:\/\/zitabs.com.ar\/#organization"},"potentialAction":[{"@type":"SearchAction","target":{"@type":"EntryPoint","urlTemplate":"https:\/\/zitabs.com.ar\/?s={search_term_string}"},"query-input":{"@type":"PropertyValueSpecification","valueRequired":true,"valueName":"search_term_string"}}],"inLanguage":"en-US"},{"@type":"Organization","@id":"https:\/\/zitabs.com.ar\/#organization","name":"Zitabs","url":"https:\/\/zitabs.com.ar\/","logo":{"@type":"ImageObject","inLanguage":"en-US","@id":"https:\/\/zitabs.com.ar\/#\/schema\/logo\/image\/","url":"https:\/\/zitabs.com.ar\/wp-content\/uploads\/2019\/12\/logo_zitabs_100px.png","contentUrl":"https:\/\/zitabs.com.ar\/wp-content\/uploads\/2019\/12\/logo_zitabs_100px.png","width":100,"height":66,"caption":"Zitabs"},"image":{"@id":"https:\/\/zitabs.com.ar\/#\/schema\/logo\/image\/"},"sameAs":["https:\/\/www.facebook.com\/zitabs","https:\/\/www.youtube.com\/channel\/UCRl4-6m9-HO9Mgjb6-Dno3w"]}]}},"_links":{"self":[{"href":"https:\/\/zitabs.com.ar\/en\/wp-json\/wp\/v2\/product\/1979","targetHints":{"allow":["GET"]}}],"collection":[{"href":"https:\/\/zitabs.com.ar\/en\/wp-json\/wp\/v2\/product"}],"about":[{"href":"https:\/\/zitabs.com.ar\/en\/wp-json\/wp\/v2\/types\/product"}],"replies":[{"embeddable":true,"href":"https:\/\/zitabs.com.ar\/en\/wp-json\/wp\/v2\/comments?post=1979"}],"wp:featuredmedia":[{"embeddable":true,"href":"https:\/\/zitabs.com.ar\/en\/wp-json\/wp\/v2\/media\/1980"}],"wp:attachment":[{"href":"https:\/\/zitabs.com.ar\/en\/wp-json\/wp\/v2\/media?parent=1979"}],"wp:term":[{"taxonomy":"product_brand","embeddable":true,"href":"https:\/\/zitabs.com.ar\/en\/wp-json\/wp\/v2\/product_brand?post=1979"},{"taxonomy":"product_cat","embeddable":true,"href":"https:\/\/zitabs.com.ar\/en\/wp-json\/wp\/v2\/product_cat?post=1979"},{"taxonomy":"product_tag","embeddable":true,"href":"https:\/\/zitabs.com.ar\/en\/wp-json\/wp\/v2\/product_tag?post=1979"}],"curies":[{"name":"wp","href":"https:\/\/api.w.org\/{rel}","templated":true}]}}