{"id":3431,"date":"2019-10-17T11:55:18","date_gmt":"2019-10-17T14:55:18","guid":{"rendered":"https:\/\/zitabs.com.ar\/?post_type=product&#038;p=3431"},"modified":"2022-05-04T14:50:15","modified_gmt":"2022-05-04T17:50:15","slug":"aires-de-triana-bulerias-sabicas","status":"publish","type":"product","link":"https:\/\/zitabs.com.ar\/en\/product\/aires-de-triana-bulerias-sabicas\/","title":{"rendered":"Aires de Triana (Buler\u00edas), Sabicas"},"content":{"rendered":"<p><iframe title=\"SABICAS - Aires de Triana (Buler\u00edas) Tablatura, Guitar Tab, Transcription, Score\" width=\"980\" height=\"551\" src=\"https:\/\/www.youtube.com\/embed\/d5rWmstSiIw?feature=oembed\" frameborder=\"0\" allow=\"accelerometer; autoplay; clipboard-write; encrypted-media; gyroscope; picture-in-picture\" allowfullscreen><\/iframe><\/p>\n<p>&nbsp;<\/p>","protected":false},"excerpt":{"rendered":"<p>Guitar Sheet Music \/ Tabs<\/p>\n<p>Downloadable file<\/p>\n<p>Pdf format<\/p>\n<p>N\u00famero de p\u00e1ginas: 12<\/p>\n<p>Tama\u00f1o de archivo: 523 kb<\/p>","protected":false},"featured_media":3433,"comment_status":"open","ping_status":"closed","template":"","meta":{"_monsterinsights_skip_tracking":false,"_monsterinsights_sitenote_active":false,"_monsterinsights_sitenote_note":"","_monsterinsights_sitenote_category":0},"product_brand":[],"product_cat":[54,57],"product_tag":[],"class_list":{"0":"post-3431","1":"product","2":"type-product","3":"status-publish","4":"has-post-thumbnail","6":"product_cat-flamenco","7":"product_cat-nivel-avanzado","9":"first","10":"instock","11":"downloadable","12":"virtual","13":"purchasable","14":"product-type-simple"},"yoast_head":"<!-- This site is optimized with the Yoast SEO plugin v26.5 - https:\/\/yoast.com\/wordpress\/plugins\/seo\/ -->\n<title>Aires de Triana (Buler\u00edas), Sabicas | ZITAbS<\/title>\n<meta name=\"robots\" content=\"index, follow, max-snippet:-1, max-image-preview:large, max-video-preview:-1\" \/>\n<link rel=\"canonical\" href=\"https:\/\/zitabs.com.ar\/en\/product\/aires-de-triana-bulerias-sabicas\/\" \/>\n<meta property=\"og:locale\" content=\"en_US\" \/>\n<meta property=\"og:type\" content=\"article\" \/>\n<meta property=\"og:title\" content=\"Aires de Triana (Buler\u00edas), Sabicas | ZITAbS\" \/>\n<meta property=\"og:description\" content=\"Partitura \/ Tablatura para Guitarra  Archivo descargable  Formato: PDF  N\u00famero de p\u00e1ginas: 12  Tama\u00f1o de archivo: 523 kb\" \/>\n<meta property=\"og:url\" content=\"https:\/\/zitabs.com.ar\/en\/product\/aires-de-triana-bulerias-sabicas\/\" \/>\n<meta property=\"og:site_name\" content=\"ZITAbS\" \/>\n<meta property=\"article:publisher\" content=\"https:\/\/www.facebook.com\/zitabs\" \/>\n<meta property=\"article:modified_time\" content=\"2022-05-04T17:50:15+00:00\" \/>\n<meta property=\"og:image\" content=\"https:\/\/zitabs.com.ar\/wp-content\/uploads\/2019\/10\/Aires-de-Triana-Sabicas-Portada-slider-guitar-tab.jpg\" \/>\n\t<meta property=\"og:image:width\" content=\"520\" \/>\n\t<meta property=\"og:image:height\" content=\"736\" \/>\n\t<meta property=\"og:image:type\" content=\"image\/jpeg\" \/>\n<meta name=\"twitter:card\" content=\"summary_large_image\" \/>\n<script type=\"application\/ld+json\" class=\"yoast-schema-graph\">{\"@context\":\"https:\/\/schema.org\",\"@graph\":[{\"@type\":\"WebPage\",\"@id\":\"https:\/\/zitabs.com.ar\/en\/product\/aires-de-triana-bulerias-sabicas\/\",\"url\":\"https:\/\/zitabs.com.ar\/en\/product\/aires-de-triana-bulerias-sabicas\/\",\"name\":\"Aires de Triana (Buler\u00edas), Sabicas | ZITAbS\",\"isPartOf\":{\"@id\":\"https:\/\/zitabs.com.ar\/#website\"},\"primaryImageOfPage\":{\"@id\":\"https:\/\/zitabs.com.ar\/en\/product\/aires-de-triana-bulerias-sabicas\/#primaryimage\"},\"image\":{\"@id\":\"https:\/\/zitabs.com.ar\/en\/product\/aires-de-triana-bulerias-sabicas\/#primaryimage\"},\"thumbnailUrl\":\"https:\/\/zitabs.com.ar\/wp-content\/uploads\/2019\/10\/Aires-de-Triana-Sabicas-Portada-slider-guitar-tab.jpg\",\"datePublished\":\"2019-10-17T14:55:18+00:00\",\"dateModified\":\"2022-05-04T17:50:15+00:00\",\"breadcrumb\":{\"@id\":\"https:\/\/zitabs.com.ar\/en\/product\/aires-de-triana-bulerias-sabicas\/#breadcrumb\"},\"inLanguage\":\"en-US\",\"potentialAction\":[{\"@type\":\"ReadAction\",\"target\":[\"https:\/\/zitabs.com.ar\/en\/product\/aires-de-triana-bulerias-sabicas\/\"]}]},{\"@type\":\"ImageObject\",\"inLanguage\":\"en-US\",\"@id\":\"https:\/\/zitabs.com.ar\/en\/product\/aires-de-triana-bulerias-sabicas\/#primaryimage\",\"url\":\"https:\/\/zitabs.com.ar\/wp-content\/uploads\/2019\/10\/Aires-de-Triana-Sabicas-Portada-slider-guitar-tab.jpg\",\"contentUrl\":\"https:\/\/zitabs.com.ar\/wp-content\/uploads\/2019\/10\/Aires-de-Triana-Sabicas-Portada-slider-guitar-tab.jpg\",\"width\":520,\"height\":736,\"caption\":\"guitar\"},{\"@type\":\"BreadcrumbList\",\"@id\":\"https:\/\/zitabs.com.ar\/en\/product\/aires-de-triana-bulerias-sabicas\/#breadcrumb\",\"itemListElement\":[{\"@type\":\"ListItem\",\"position\":1,\"name\":\"Inicio\",\"item\":\"https:\/\/zitabs.com.ar\/\"},{\"@type\":\"ListItem\",\"position\":2,\"name\":\"Tienda\",\"item\":\"https:\/\/zitabs.com.ar\/shop\/\"},{\"@type\":\"ListItem\",\"position\":3,\"name\":\"Aires de Triana (Buler\u00edas), Sabicas\"}]},{\"@type\":\"WebSite\",\"@id\":\"https:\/\/zitabs.com.ar\/#website\",\"url\":\"https:\/\/zitabs.com.ar\/\",\"name\":\"ZITAbS\",\"description\":\"Guitar Tabs &amp; Sheet Music\",\"publisher\":{\"@id\":\"https:\/\/zitabs.com.ar\/#organization\"},\"potentialAction\":[{\"@type\":\"SearchAction\",\"target\":{\"@type\":\"EntryPoint\",\"urlTemplate\":\"https:\/\/zitabs.com.ar\/?s={search_term_string}\"},\"query-input\":{\"@type\":\"PropertyValueSpecification\",\"valueRequired\":true,\"valueName\":\"search_term_string\"}}],\"inLanguage\":\"en-US\"},{\"@type\":\"Organization\",\"@id\":\"https:\/\/zitabs.com.ar\/#organization\",\"name\":\"Zitabs\",\"url\":\"https:\/\/zitabs.com.ar\/\",\"logo\":{\"@type\":\"ImageObject\",\"inLanguage\":\"en-US\",\"@id\":\"https:\/\/zitabs.com.ar\/#\/schema\/logo\/image\/\",\"url\":\"https:\/\/zitabs.com.ar\/wp-content\/uploads\/2019\/12\/logo_zitabs_100px.png\",\"contentUrl\":\"https:\/\/zitabs.com.ar\/wp-content\/uploads\/2019\/12\/logo_zitabs_100px.png\",\"width\":100,\"height\":66,\"caption\":\"Zitabs\"},\"image\":{\"@id\":\"https:\/\/zitabs.com.ar\/#\/schema\/logo\/image\/\"},\"sameAs\":[\"https:\/\/www.facebook.com\/zitabs\",\"https:\/\/www.youtube.com\/channel\/UCRl4-6m9-HO9Mgjb6-Dno3w\"]}]}<\/script>\n<!-- \/ Yoast SEO plugin. -->","yoast_head_json":{"title":"Aires de Triana (Buler\u00edas), Sabicas | ZITAbS","robots":{"index":"index","follow":"follow","max-snippet":"max-snippet:-1","max-image-preview":"max-image-preview:large","max-video-preview":"max-video-preview:-1"},"canonical":"https:\/\/zitabs.com.ar\/en\/product\/aires-de-triana-bulerias-sabicas\/","og_locale":"en_US","og_type":"article","og_title":"Aires de Triana (Buler\u00edas), Sabicas | ZITAbS","og_description":"Partitura \/ Tablatura para Guitarra  Archivo descargable  Formato: PDF  N\u00famero de p\u00e1ginas: 12  Tama\u00f1o de archivo: 523 kb","og_url":"https:\/\/zitabs.com.ar\/en\/product\/aires-de-triana-bulerias-sabicas\/","og_site_name":"ZITAbS","article_publisher":"https:\/\/www.facebook.com\/zitabs","article_modified_time":"2022-05-04T17:50:15+00:00","og_image":[{"width":520,"height":736,"url":"https:\/\/zitabs.com.ar\/wp-content\/uploads\/2019\/10\/Aires-de-Triana-Sabicas-Portada-slider-guitar-tab.jpg","type":"image\/jpeg"}],"twitter_card":"summary_large_image","schema":{"@context":"https:\/\/schema.org","@graph":[{"@type":"WebPage","@id":"https:\/\/zitabs.com.ar\/en\/product\/aires-de-triana-bulerias-sabicas\/","url":"https:\/\/zitabs.com.ar\/en\/product\/aires-de-triana-bulerias-sabicas\/","name":"Aires de Triana (Buler\u00edas), Sabicas | ZITAbS","isPartOf":{"@id":"https:\/\/zitabs.com.ar\/#website"},"primaryImageOfPage":{"@id":"https:\/\/zitabs.com.ar\/en\/product\/aires-de-triana-bulerias-sabicas\/#primaryimage"},"image":{"@id":"https:\/\/zitabs.com.ar\/en\/product\/aires-de-triana-bulerias-sabicas\/#primaryimage"},"thumbnailUrl":"https:\/\/zitabs.com.ar\/wp-content\/uploads\/2019\/10\/Aires-de-Triana-Sabicas-Portada-slider-guitar-tab.jpg","datePublished":"2019-10-17T14:55:18+00:00","dateModified":"2022-05-04T17:50:15+00:00","breadcrumb":{"@id":"https:\/\/zitabs.com.ar\/en\/product\/aires-de-triana-bulerias-sabicas\/#breadcrumb"},"inLanguage":"en-US","potentialAction":[{"@type":"ReadAction","target":["https:\/\/zitabs.com.ar\/en\/product\/aires-de-triana-bulerias-sabicas\/"]}]},{"@type":"ImageObject","inLanguage":"en-US","@id":"https:\/\/zitabs.com.ar\/en\/product\/aires-de-triana-bulerias-sabicas\/#primaryimage","url":"https:\/\/zitabs.com.ar\/wp-content\/uploads\/2019\/10\/Aires-de-Triana-Sabicas-Portada-slider-guitar-tab.jpg","contentUrl":"https:\/\/zitabs.com.ar\/wp-content\/uploads\/2019\/10\/Aires-de-Triana-Sabicas-Portada-slider-guitar-tab.jpg","width":520,"height":736,"caption":"guitar"},{"@type":"BreadcrumbList","@id":"https:\/\/zitabs.com.ar\/en\/product\/aires-de-triana-bulerias-sabicas\/#breadcrumb","itemListElement":[{"@type":"ListItem","position":1,"name":"Inicio","item":"https:\/\/zitabs.com.ar\/"},{"@type":"ListItem","position":2,"name":"Tienda","item":"https:\/\/zitabs.com.ar\/shop\/"},{"@type":"ListItem","position":3,"name":"Aires de Triana (Buler\u00edas), Sabicas"}]},{"@type":"WebSite","@id":"https:\/\/zitabs.com.ar\/#website","url":"https:\/\/zitabs.com.ar\/","name":"ZITAbS","description":"Guitar Tabs &amp; Sheet Music","publisher":{"@id":"https:\/\/zitabs.com.ar\/#organization"},"potentialAction":[{"@type":"SearchAction","target":{"@type":"EntryPoint","urlTemplate":"https:\/\/zitabs.com.ar\/?s={search_term_string}"},"query-input":{"@type":"PropertyValueSpecification","valueRequired":true,"valueName":"search_term_string"}}],"inLanguage":"en-US"},{"@type":"Organization","@id":"https:\/\/zitabs.com.ar\/#organization","name":"Zitabs","url":"https:\/\/zitabs.com.ar\/","logo":{"@type":"ImageObject","inLanguage":"en-US","@id":"https:\/\/zitabs.com.ar\/#\/schema\/logo\/image\/","url":"https:\/\/zitabs.com.ar\/wp-content\/uploads\/2019\/12\/logo_zitabs_100px.png","contentUrl":"https:\/\/zitabs.com.ar\/wp-content\/uploads\/2019\/12\/logo_zitabs_100px.png","width":100,"height":66,"caption":"Zitabs"},"image":{"@id":"https:\/\/zitabs.com.ar\/#\/schema\/logo\/image\/"},"sameAs":["https:\/\/www.facebook.com\/zitabs","https:\/\/www.youtube.com\/channel\/UCRl4-6m9-HO9Mgjb6-Dno3w"]}]}},"_links":{"self":[{"href":"https:\/\/zitabs.com.ar\/en\/wp-json\/wp\/v2\/product\/3431","targetHints":{"allow":["GET"]}}],"collection":[{"href":"https:\/\/zitabs.com.ar\/en\/wp-json\/wp\/v2\/product"}],"about":[{"href":"https:\/\/zitabs.com.ar\/en\/wp-json\/wp\/v2\/types\/product"}],"replies":[{"embeddable":true,"href":"https:\/\/zitabs.com.ar\/en\/wp-json\/wp\/v2\/comments?post=3431"}],"wp:featuredmedia":[{"embeddable":true,"href":"https:\/\/zitabs.com.ar\/en\/wp-json\/wp\/v2\/media\/3433"}],"wp:attachment":[{"href":"https:\/\/zitabs.com.ar\/en\/wp-json\/wp\/v2\/media?parent=3431"}],"wp:term":[{"taxonomy":"product_brand","embeddable":true,"href":"https:\/\/zitabs.com.ar\/en\/wp-json\/wp\/v2\/product_brand?post=3431"},{"taxonomy":"product_cat","embeddable":true,"href":"https:\/\/zitabs.com.ar\/en\/wp-json\/wp\/v2\/product_cat?post=3431"},{"taxonomy":"product_tag","embeddable":true,"href":"https:\/\/zitabs.com.ar\/en\/wp-json\/wp\/v2\/product_tag?post=3431"}],"curies":[{"name":"wp","href":"https:\/\/api.w.org\/{rel}","templated":true}]}}